{"id":6939,"date":"2021-02-19T11:49:28","date_gmt":"2021-02-19T11:49:28","guid":{"rendered":"http:\/\/hydroitalia.com\/privacy-e-cookies-policy\/"},"modified":"2023-03-20T11:09:53","modified_gmt":"2023-03-20T11:09:53","slug":"privacy-e-cookies-policy","status":"publish","type":"page","link":"https:\/\/www.hydroitalia.com\/fr\/privacy-e-cookies-policy\/","title":{"rendered":"Privacy e Cookies Policy"},"content":{"rendered":"\t\t<div data-elementor-type=\"wp-page\" data-elementor-id=\"6939\" class=\"elementor elementor-6939 elementor-6935\">\n\t\t\t\t\t\t<div class=\"elementor-inner\">\n\t\t\t\t<div class=\"elementor-section-wrap\">\n\t\t\t\t\t\t\t\t\t<section class=\"elementor-section elementor-top-section elementor-element elementor-element-2786f561 elementor-section-boxed elementor-section-height-default elementor-section-height-default\" data-id=\"2786f561\" data-element_type=\"section\">\n\t\t\t\t\t\t<div class=\"elementor-container elementor-column-gap-default\">\n\t\t\t\t\t\t\t<div class=\"elementor-row\">\n\t\t\t\t\t<div class=\"elementor-column elementor-col-100 elementor-top-column elementor-element elementor-element-c9323a\" data-id=\"c9323a\" data-element_type=\"column\">\n\t\t\t<div class=\"elementor-column-wrap elementor-element-populated\">\n\t\t\t\t\t\t\t<div class=\"elementor-widget-wrap\">\n\t\t\t\t\t\t<div class=\"elementor-element elementor-element-41bb7a8 elementor-widget elementor-widget-heading\" data-id=\"41bb7a8\" data-element_type=\"widget\" data-widget_type=\"heading.default\">\n\t\t\t\t<div class=\"elementor-widget-container\">\n\t\t\t<h2 class=\"elementor-heading-title elementor-size-default\">Privacy e Cookie Policy<\/h2>\t\t<\/div>\n\t\t\t\t<\/div>\n\t\t\t\t<div class=\"elementor-element elementor-element-3522b00 elementor-widget elementor-widget-text-editor\" data-id=\"3522b00\" data-element_type=\"widget\" data-widget_type=\"text-editor.default\">\n\t\t\t\t<div class=\"elementor-widget-container\">\n\t\t\t\t\t\t\t\t<div class=\"elementor-text-editor elementor-clearfix\">\n\t\t\t\t<p>Cette page contient des informations sur le traitement des donn\u00e9es \u00e0 caract\u00e8re personnel de personnes qui interagissent avec HYDRO ITALIA SRL. Il s\u2019agit d\u2019une note d\u2019information qu\u2019est donn\u00e9 conform\u00e9ment_\u00e0 l\u2019art. 13 du d\u00e9cret l\u00e9gislative 196\/03 (loi sur la protection des donn\u00e9es personnelles) pour les utilisateurs qui interagissent avec les services disponibles, y compris par des moyens \u00e9lectroniques \u00e0 partir de l\u2019adresse <a href=\"http:\/\/hydroitalia.com\/\">http:\/\/www.hydroitalia.com<\/a> comme page d&rsquo;accueil du site officiel de HYDRO ITALIA SRL. Cette politique s&rsquo;applique uniquement au site Internet d\u2019HYDRO ITALIA SRL et pas aussi d&rsquo;autres sites qui peuvent \u00eatre accessibles par l\u2019utilisateur par un lien.<\/p>\n<p><strong>Le propri\u00e9taire du traitement<\/strong><br \/>\nApr\u00e8s consultation de ce site peuvent \u00eatre trait\u00e9es les donn\u00e9es personnelles. Le titulaire de ce traitement est HYDRO ITALIA SRL ayant son si\u00e8ge \u00e0 Via Torricelli 79 &#8211; Zona industriale Fossatone &#8211; 40059 Medicina (BO)<\/p>\n<p><strong>Lieu de traitement des donn\u00e9es<\/strong><br \/>\nLes traitements ont lieu dans les bureaux de HYDRO ITALIA SRL. Ils sont faits uniquement par personnel technique en charge, ou par des personnes qui sont sp\u00e9cifiquement nomm\u00e9s dans un entretien occasionnel. Les donn\u00e9es personnels fournis par les utilisateurs qui envoient des demandes sont utilis\u00e9es seulement pour effectuer le service ou la fourniture demand\u00e9e et seront divulgu\u00e9es aux tiers lorsque cela est n\u00e9cessaire \u00e0 cette fin. Types de donn\u00e9es trait\u00e9es<\/p>\n<p><strong>A) Donn\u00e9es de navigation<\/strong><br \/>\nLes syst\u00e8mes informatiques et les proc\u00e9dures software pr\u00e9pos\u00e9s pour faire fonctionner ce site web acqui\u00e8rent, au cours de leur fonctionnement normal, certaines donn\u00e9es personnelles dont la transmission est implicite dans les protocoles de communication d&rsquo;Internet. Cette information n&rsquo;est pas recueillies pour \u00eatre associ\u00e9es \u00e0 des sujets identifi\u00e9s, mais de par leur nature m\u00eame, pourrait, gr\u00e2ce aux traitements et associations avec des donn\u00e9es d\u00e9tenues par des tiers, permettre d\u2019identifier les utilisateurs. Cette cat\u00e9gorie de donn\u00e9es comprend les adresses IP ou les noms de domaine des ordinateurs utilis\u00e9s par les utilisateurs qui se connectant au site, la m\u00e9thode utilis\u00e9e pour soumettre la demande au serveur et d&rsquo;autres param\u00e8tres relatives au syst\u00e8me d&rsquo;exploitation et au environnement informatique de l\u2019utilisateur. Ces donn\u00e9es sont utilis\u00e9es seulement pour obtenir des informations statistiques anonymes sur l\u2019utilisation du site et de v\u00e9rifier le bon fonctionnement et ne sont pas conserv\u00e9s si ce n&rsquo;est pour des raisons statistiques. Les donn\u00e9es pourraient \u00eatre utilis\u00e9es pour d\u00e9terminer la responsabilit\u00e9 en cas de d\u00e9lits informatiques contre le site.<\/p>\n<p><strong>B) Donn\u00e9es fournies volontairement par l\u2019utilisateur<\/strong><br \/>\nL\u2019envoi facultatif, explicite et volontaire d\u2019e-mail aux adresses mentionn\u00e9es sur ce site implique l&rsquo;acquisition de l&rsquo;adresse de l\u2019exp\u00e9diteur, n\u00e9cessaire pour r\u00e9pondre aux demandes, et toute autre information personnelle inscrite sur l&rsquo;envoi de communications \u00e9lectroniques.<\/p>\n<p><strong>Cookies<\/strong><br \/>\nAucune donn\u00e9e personnelle des utilisateurs n&rsquo;est prise sur le site si ce n&rsquo;est pour la gestion technique des pages HTML que vous avez demand\u00e9s et affich\u00e9s.<br \/>\nN&rsquo;est pas fait usage de syst\u00e8mes de suivi des utilisateurs.<br \/>\nPossibilit\u00e9 facultative de l\u2019attribution des donn\u00e9es<br \/>\nEn dehors de celui pr\u00e9vu pour les donn\u00e9es de navigation, l&rsquo;utilisateur est libre de fournir des donn\u00e9es \u00e0 caract\u00e8re personnel contenues dans les formulaires de demande. Leur absence peut rendre impossible de satisfaire la demande.<\/p>\n<p><strong>Les m\u00e9thodes du traitement<\/strong><br \/>\nLes donn\u00e9es personnelles sont trait\u00e9es par des outils automatis\u00e9s pour le temps n\u00e9cessaire pour atteindre les fins pour lesquelles elles sont collect\u00e9es. Sp\u00e9cifiques mesures de s\u00e9curit\u00e9 sont prises pour \u00e9viter la perte de donn\u00e9es, mauvaise utilisation ou pas correct et acc\u00e8s non autoris\u00e9.<br \/>\n<strong><br \/>\nBut<\/strong><br \/>\nLes donn\u00e9es sont trait\u00e9es \u00e0 des fins li\u00e9es \u00e0 la conduite de nos affaires et les activit\u00e9s des filiales et \/ ou soci\u00e9t\u00e9s affili\u00e9es, y compris: la fourniture de services bas\u00e9s sur l&rsquo;interface web, la fourniture de biens et services, informations commerciales, de marketing, les activit\u00e9s ax\u00e9es sur l&rsquo;information cr\u00e9er des profils professionnels sur les clients ou les consommateurs, la recherche scientifique, des \u00e9tudes statistiques, \u00e9tudes de march\u00e9.<\/p>\n<p><strong>Droits des parties int\u00e9ress\u00e9es<\/strong><br \/>\nLes sujets dont les donn\u00e9es personnelles ont le droit \u00e0 tout moment d&rsquo;obtenir la confirmation de l&rsquo;existence des donn\u00e9es et de conna\u00eetre le contenu et l&rsquo;origine, en v\u00e9rifier l&rsquo;exactitude ou demander l&rsquo;int\u00e9gration ou la mise \u00e0 jour, ou la correction (art. 7 d\u00e9cret-loi 196\/03).<br \/>\nConform\u00e9ment \u00e0 cet article on a le droit de demander l&rsquo;annulation, la transformation en forme anonyme ou le blocage des donn\u00e9es trait\u00e9es en violation de la loi, et s&rsquo;opposer \u00e0 tous les cas, pour des raisons l\u00e9gitimes, \u00e0 leur traitement.<br \/>\nLes demandes doivent \u00eatre faites \u00e0 HYDRO ITALIA SRL.<\/p>\n\t\t\t\t\t<\/div>\n\t\t\t\t\t\t<\/div>\n\t\t\t\t<\/div>\n\t\t\t\t\t\t<\/div>\n\t\t\t\t\t<\/div>\n\t\t<\/div>\n\t\t\t\t\t\t\t\t<\/div>\n\t\t\t\t\t<\/div>\n\t\t<\/section>\n\t\t\t\t\t\t\t\t\t<\/div>\n\t\t\t<\/div>\n\t\t\t\t\t<\/div>\n\t\t","protected":false},"excerpt":{"rendered":"<p>Privacy e Cookie Policy Cette page contient des informations sur le traitement des donn\u00e9es \u00e0 caract\u00e8re personnel de personnes qui interagissent avec HYDRO ITALIA SRL. Il s\u2019agit d\u2019une note d\u2019information qu\u2019est donn\u00e9 conform\u00e9ment_\u00e0 l\u2019art. 13 du d\u00e9cret l\u00e9gislative 196\/03 (loi sur la protection des donn\u00e9es personnelles) pour les utilisateurs qui interagissent avec les services disponibles, [&hellip;]<\/p>\n","protected":false},"author":1,"featured_media":0,"parent":0,"menu_order":0,"comment_status":"closed","ping_status":"closed","template":"","meta":[],"acf":[],"yoast_head":"<!-- This site is optimized with the Yoast SEO plugin v20.2.1 - https:\/\/yoast.com\/wordpress\/plugins\/seo\/ -->\n<title>Privacy e Cookies Policy - Traitement des donn\u00e9es Hydro Italia<\/title>\n<meta name=\"description\" content=\"Privacy e Cookies Policy - Hydro Italia est sp\u00e9cialis\u00e9e dans le traitement des eaux et des boues industrielles. Conception et construction de syst\u00e8mes avec un professionnalisme certifi\u00e9.\" \/>\n<meta name=\"robots\" content=\"noindex, nofollow\" \/>\n<meta property=\"og:locale\" content=\"fr_FR\" \/>\n<meta property=\"og:type\" content=\"article\" \/>\n<meta property=\"og:title\" content=\"Privacy e Cookies Policy - Traitement des donn\u00e9es Hydro Italia\" \/>\n<meta property=\"og:description\" content=\"Privacy e Cookies Policy - Hydro Italia est sp\u00e9cialis\u00e9e dans le traitement des eaux et des boues industrielles. Conception et construction de syst\u00e8mes avec un professionnalisme certifi\u00e9.\" \/>\n<meta property=\"og:url\" content=\"https:\/\/www.hydroitalia.com\/fr\/privacy-e-cookies-policy\/\" \/>\n<meta property=\"og:site_name\" content=\"Hydroitalia\" \/>\n<meta property=\"article:modified_time\" content=\"2023-03-20T11:09:53+00:00\" \/>\n<meta property=\"og:image\" content=\"https:\/\/www.hydroitalia.com\/wp-content\/uploads\/2020\/12\/hydroitalia_logo-in.jpg\" \/>\n\t<meta property=\"og:image:width\" content=\"1067\" \/>\n\t<meta property=\"og:image:height\" content=\"419\" \/>\n\t<meta property=\"og:image:type\" content=\"image\/jpeg\" \/>\n<meta name=\"twitter:card\" content=\"summary_large_image\" \/>\n<meta name=\"twitter:label1\" content=\"Dur\u00e9e de lecture estim\u00e9e\" \/>\n\t<meta name=\"twitter:data1\" content=\"4 minutes\" \/>\n<script type=\"application\/ld+json\" class=\"yoast-schema-graph\">{\"@context\":\"https:\/\/schema.org\",\"@graph\":[{\"@type\":\"WebPage\",\"@id\":\"https:\/\/www.hydroitalia.com\/fr\/privacy-e-cookies-policy\/\",\"url\":\"https:\/\/www.hydroitalia.com\/fr\/privacy-e-cookies-policy\/\",\"name\":\"Privacy e Cookies Policy - Traitement des donn\u00e9es Hydro Italia\",\"isPartOf\":{\"@id\":\"https:\/\/www.hydroitalia.com\/#website\"},\"datePublished\":\"2021-02-19T11:49:28+00:00\",\"dateModified\":\"2023-03-20T11:09:53+00:00\",\"description\":\"Privacy e Cookies Policy - Hydro Italia est sp\u00e9cialis\u00e9e dans le traitement des eaux et des boues industrielles. Conception et construction de syst\u00e8mes avec un professionnalisme certifi\u00e9.\",\"breadcrumb\":{\"@id\":\"https:\/\/www.hydroitalia.com\/fr\/privacy-e-cookies-policy\/#breadcrumb\"},\"inLanguage\":\"fr-FR\",\"potentialAction\":[{\"@type\":\"ReadAction\",\"target\":[\"https:\/\/www.hydroitalia.com\/fr\/privacy-e-cookies-policy\/\"]}]},{\"@type\":\"BreadcrumbList\",\"@id\":\"https:\/\/www.hydroitalia.com\/fr\/privacy-e-cookies-policy\/#breadcrumb\",\"itemListElement\":[{\"@type\":\"ListItem\",\"position\":1,\"name\":\"Home\",\"item\":\"https:\/\/www.hydroitalia.com\/fr\/home\/\"},{\"@type\":\"ListItem\",\"position\":2,\"name\":\"Privacy e Cookies Policy\"}]},{\"@type\":\"WebSite\",\"@id\":\"https:\/\/www.hydroitalia.com\/#website\",\"url\":\"https:\/\/www.hydroitalia.com\/\",\"name\":\"Hydro Italia\",\"description\":\"Tecnologie acque e fanghi\",\"publisher\":{\"@id\":\"https:\/\/www.hydroitalia.com\/#organization\"},\"potentialAction\":[{\"@type\":\"SearchAction\",\"target\":{\"@type\":\"EntryPoint\",\"urlTemplate\":\"https:\/\/www.hydroitalia.com\/?s={search_term_string}\"},\"query-input\":\"required name=search_term_string\"}],\"inLanguage\":\"fr-FR\"},{\"@type\":\"Organization\",\"@id\":\"https:\/\/www.hydroitalia.com\/#organization\",\"name\":\"Hydro Italia Srl\",\"url\":\"https:\/\/www.hydroitalia.com\/\",\"logo\":{\"@type\":\"ImageObject\",\"inLanguage\":\"fr-FR\",\"@id\":\"https:\/\/www.hydroitalia.com\/#\/schema\/logo\/image\/\",\"url\":\"https:\/\/www.hydroitalia.com\/wp-content\/uploads\/2020\/12\/Asset-1@4x.png\",\"contentUrl\":\"https:\/\/www.hydroitalia.com\/wp-content\/uploads\/2020\/12\/Asset-1@4x.png\",\"width\":1914,\"height\":442,\"caption\":\"Hydro Italia Srl\"},\"image\":{\"@id\":\"https:\/\/www.hydroitalia.com\/#\/schema\/logo\/image\/\"}}]}<\/script>\n<!-- \/ Yoast SEO plugin. -->","yoast_head_json":{"title":"Privacy e Cookies Policy - Traitement des donn\u00e9es Hydro Italia","description":"Privacy e Cookies Policy - Hydro Italia est sp\u00e9cialis\u00e9e dans le traitement des eaux et des boues industrielles. Conception et construction de syst\u00e8mes avec un professionnalisme certifi\u00e9.","robots":{"index":"noindex","follow":"nofollow"},"og_locale":"fr_FR","og_type":"article","og_title":"Privacy e Cookies Policy - Traitement des donn\u00e9es Hydro Italia","og_description":"Privacy e Cookies Policy - Hydro Italia est sp\u00e9cialis\u00e9e dans le traitement des eaux et des boues industrielles. Conception et construction de syst\u00e8mes avec un professionnalisme certifi\u00e9.","og_url":"https:\/\/www.hydroitalia.com\/fr\/privacy-e-cookies-policy\/","og_site_name":"Hydroitalia","article_modified_time":"2023-03-20T11:09:53+00:00","og_image":[{"width":1067,"height":419,"url":"https:\/\/www.hydroitalia.com\/wp-content\/uploads\/2020\/12\/hydroitalia_logo-in.jpg","type":"image\/jpeg"}],"twitter_card":"summary_large_image","twitter_misc":{"Dur\u00e9e de lecture estim\u00e9e":"4 minutes"},"schema":{"@context":"https:\/\/schema.org","@graph":[{"@type":"WebPage","@id":"https:\/\/www.hydroitalia.com\/fr\/privacy-e-cookies-policy\/","url":"https:\/\/www.hydroitalia.com\/fr\/privacy-e-cookies-policy\/","name":"Privacy e Cookies Policy - Traitement des donn\u00e9es Hydro Italia","isPartOf":{"@id":"https:\/\/www.hydroitalia.com\/#website"},"datePublished":"2021-02-19T11:49:28+00:00","dateModified":"2023-03-20T11:09:53+00:00","description":"Privacy e Cookies Policy - Hydro Italia est sp\u00e9cialis\u00e9e dans le traitement des eaux et des boues industrielles. Conception et construction de syst\u00e8mes avec un professionnalisme certifi\u00e9.","breadcrumb":{"@id":"https:\/\/www.hydroitalia.com\/fr\/privacy-e-cookies-policy\/#breadcrumb"},"inLanguage":"fr-FR","potentialAction":[{"@type":"ReadAction","target":["https:\/\/www.hydroitalia.com\/fr\/privacy-e-cookies-policy\/"]}]},{"@type":"BreadcrumbList","@id":"https:\/\/www.hydroitalia.com\/fr\/privacy-e-cookies-policy\/#breadcrumb","itemListElement":[{"@type":"ListItem","position":1,"name":"Home","item":"https:\/\/www.hydroitalia.com\/fr\/home\/"},{"@type":"ListItem","position":2,"name":"Privacy e Cookies Policy"}]},{"@type":"WebSite","@id":"https:\/\/www.hydroitalia.com\/#website","url":"https:\/\/www.hydroitalia.com\/","name":"Hydro Italia","description":"Tecnologie acque e fanghi","publisher":{"@id":"https:\/\/www.hydroitalia.com\/#organization"},"potentialAction":[{"@type":"SearchAction","target":{"@type":"EntryPoint","urlTemplate":"https:\/\/www.hydroitalia.com\/?s={search_term_string}"},"query-input":"required name=search_term_string"}],"inLanguage":"fr-FR"},{"@type":"Organization","@id":"https:\/\/www.hydroitalia.com\/#organization","name":"Hydro Italia Srl","url":"https:\/\/www.hydroitalia.com\/","logo":{"@type":"ImageObject","inLanguage":"fr-FR","@id":"https:\/\/www.hydroitalia.com\/#\/schema\/logo\/image\/","url":"https:\/\/www.hydroitalia.com\/wp-content\/uploads\/2020\/12\/Asset-1@4x.png","contentUrl":"https:\/\/www.hydroitalia.com\/wp-content\/uploads\/2020\/12\/Asset-1@4x.png","width":1914,"height":442,"caption":"Hydro Italia Srl"},"image":{"@id":"https:\/\/www.hydroitalia.com\/#\/schema\/logo\/image\/"}}]}},"_links":{"self":[{"href":"https:\/\/www.hydroitalia.com\/fr\/wp-json\/wp\/v2\/pages\/6939"}],"collection":[{"href":"https:\/\/www.hydroitalia.com\/fr\/wp-json\/wp\/v2\/pages"}],"about":[{"href":"https:\/\/www.hydroitalia.com\/fr\/wp-json\/wp\/v2\/types\/page"}],"author":[{"embeddable":true,"href":"https:\/\/www.hydroitalia.com\/fr\/wp-json\/wp\/v2\/users\/1"}],"replies":[{"embeddable":true,"href":"https:\/\/www.hydroitalia.com\/fr\/wp-json\/wp\/v2\/comments?post=6939"}],"version-history":[{"count":8,"href":"https:\/\/www.hydroitalia.com\/fr\/wp-json\/wp\/v2\/pages\/6939\/revisions"}],"predecessor-version":[{"id":9601,"href":"https:\/\/www.hydroitalia.com\/fr\/wp-json\/wp\/v2\/pages\/6939\/revisions\/9601"}],"wp:attachment":[{"href":"https:\/\/www.hydroitalia.com\/fr\/wp-json\/wp\/v2\/media?parent=6939"}],"curies":[{"name":"wp","href":"https:\/\/api.w.org\/{rel}","templated":true}]}}