{"id":5344,"date":"2020-12-09T14:00:12","date_gmt":"2020-12-09T14:00:12","guid":{"rendered":"http:\/\/hydroitalia.com\/entreprise\/profil-de-lenterprise\/"},"modified":"2024-03-27T19:08:50","modified_gmt":"2024-03-27T19:08:50","slug":"profil-de-lenterprise","status":"publish","type":"page","link":"https:\/\/www.hydroitalia.com\/fr\/entreprise\/profil-de-lenterprise\/","title":{"rendered":"Profil de l&rsquo;enterprise"},"content":{"rendered":"\t\t<div data-elementor-type=\"wp-page\" data-elementor-id=\"5344\" class=\"elementor elementor-5344 elementor-65\">\n\t\t\t\t\t\t<div class=\"elementor-inner\">\n\t\t\t\t<div class=\"elementor-section-wrap\">\n\t\t\t\t\t\t\t\t\t<section class=\"elementor-section elementor-top-section elementor-element elementor-element-2c00848 elementor-section-height-min-height elementor-section-boxed elementor-section-height-default elementor-section-items-middle\" data-id=\"2c00848\" data-element_type=\"section\" data-settings=\"{&quot;background_background&quot;:&quot;video&quot;,&quot;background_video_link&quot;:&quot;https:\\\/\\\/youtu.be\\\/Ep-VGg_-ct8&quot;}\">\n\t\t\t\t\t\t\t\t<div class=\"elementor-background-video-container elementor-hidden-phone\">\n\t\t\t\t\t\t\t\t\t\t\t\t\t<div class=\"elementor-background-video-embed\"><\/div>\n\t\t\t\t\t\t\t\t\t\t\t\t<\/div>\n\t\t\t\t\t\t\t\t\t<div class=\"elementor-background-overlay\"><\/div>\n\t\t\t\t\t\t\t<div class=\"elementor-container elementor-column-gap-default\">\n\t\t\t\t\t\t\t<div class=\"elementor-row\">\n\t\t\t\t\t<div class=\"elementor-column elementor-col-100 elementor-top-column elementor-element elementor-element-d886056\" data-id=\"d886056\" data-element_type=\"column\">\n\t\t\t<div class=\"elementor-column-wrap elementor-element-populated\">\n\t\t\t\t\t\t\t<div class=\"elementor-widget-wrap\">\n\t\t\t\t\t\t<div class=\"elementor-element elementor-element-827ac2e elementor-widget elementor-widget-heading\" data-id=\"827ac2e\" data-element_type=\"widget\" data-widget_type=\"heading.default\">\n\t\t\t\t<div class=\"elementor-widget-container\">\n\t\t\t<h1 class=\"elementor-heading-title elementor-size-default\">Profil de l'enterprise<\/h1>\t\t<\/div>\n\t\t\t\t<\/div>\n\t\t\t\t\t\t<\/div>\n\t\t\t\t\t<\/div>\n\t\t<\/div>\n\t\t\t\t\t\t\t\t<\/div>\n\t\t\t\t\t<\/div>\n\t\t<\/section>\n\t\t\t\t<section class=\"elementor-section elementor-top-section elementor-element elementor-element-18317e3 elementor-section-full_width elementor-section-height-default elementor-section-height-default\" data-id=\"18317e3\" data-element_type=\"section\">\n\t\t\t\t\t\t<div class=\"elementor-container elementor-column-gap-default\">\n\t\t\t\t\t\t\t<div class=\"elementor-row\">\n\t\t\t\t\t<div class=\"elementor-column elementor-col-50 elementor-top-column elementor-element elementor-element-c4be0f9 elementor-hidden-phone\" data-id=\"c4be0f9\" data-element_type=\"column\" data-settings=\"{&quot;background_background&quot;:&quot;classic&quot;}\">\n\t\t\t<div class=\"elementor-column-wrap elementor-element-populated\">\n\t\t\t\t\t\t\t<div class=\"elementor-widget-wrap\">\n\t\t\t\t\t\t<div class=\"elementor-element elementor-element-159c079 elementor-widget elementor-widget-spacer\" data-id=\"159c079\" data-element_type=\"widget\" data-widget_type=\"spacer.default\">\n\t\t\t\t<div class=\"elementor-widget-container\">\n\t\t\t\t\t<div class=\"elementor-spacer\">\n\t\t\t<div class=\"elementor-spacer-inner\"><\/div>\n\t\t<\/div>\n\t\t\t\t<\/div>\n\t\t\t\t<\/div>\n\t\t\t\t\t\t<\/div>\n\t\t\t\t\t<\/div>\n\t\t<\/div>\n\t\t\t\t<div class=\"elementor-column elementor-col-50 elementor-top-column elementor-element elementor-element-104d858\" data-id=\"104d858\" data-element_type=\"column\" data-settings=\"{&quot;background_background&quot;:&quot;classic&quot;}\">\n\t\t\t<div class=\"elementor-column-wrap elementor-element-populated\">\n\t\t\t\t\t\t\t<div class=\"elementor-widget-wrap\">\n\t\t\t\t\t\t<div class=\"elementor-element elementor-element-672546f elementor-widget elementor-widget-heading\" data-id=\"672546f\" data-element_type=\"widget\" data-widget_type=\"heading.default\">\n\t\t\t\t<div class=\"elementor-widget-container\">\n\t\t\t<h2 class=\"elementor-heading-title elementor-size-default\">Enterprise<\/h2>\t\t<\/div>\n\t\t\t\t<\/div>\n\t\t\t\t<div class=\"elementor-element elementor-element-323f65d elementor-widget elementor-widget-text-editor\" data-id=\"323f65d\" data-element_type=\"widget\" data-widget_type=\"text-editor.default\">\n\t\t\t\t<div class=\"elementor-widget-container\">\n\t\t\t\t\t\t\t\t<div class=\"elementor-text-editor elementor-clearfix\">\n\t\t\t\t<p><span data-sheets-value=\"{&quot;1&quot;:2,&quot;2&quot;:&quot;HYDRO ITALIAop\u00e8re dans le secteur traitement des eaux au-del\u00e0 de vingt en murissant une toujours majeure exp\u00e9rience gr\u00e2ce \u00e0 laquelle il collabore avec les plus importantes entreprises d\u2019\u00e9tudes d\u2019ing\u00e9nieurs \u00e0 niveau mondial.\\nJusqu\u2019\u00e0 aujourd\u2019hui nous avons install\u00e9 des installations dans les suivantes pays: Italie, France, Espagne, Portugal, Turquie, Russie, Cor\u00e9e, Slov\u00e9nie, R\u00e9publique Tch\u00e8que, Slovaquie, Pologne, Royaume-Uni, Syrie, Etat Unis, Chine, Iran, Argentine, Br\u00e9sil, Inde, Tha\u00eflande, Roumanie, Afrique du Sud.\\nD\u00e8s le d\u00e9but, pour pr\u00e9cise choisie des membres fondateurs, l\u2019activit\u00e9 s\u2019est d\u00e9velopp\u00e9e selon deux lignes directrices principales \u00e9troitement corr\u00e9l\u00e9es, installations et produits sp\u00e9cifiques, en poursuivant un objectif: limiter les consommations d\u2019eau en r\u00e9duisant les polluants. Philosophie initialement appr\u00e9ci\u00e9e par quelques op\u00e9rateurs du secteur mais que dans les ans on a affirm\u00e9e \u00e0 tel point \u00e0 constituer aujourd\u2019hui la centralit\u00e9 des demandes.&quot;}\" data-sheets-userformat=\"{&quot;2&quot;:10625,&quot;3&quot;:{&quot;1&quot;:0,&quot;3&quot;:1},&quot;10&quot;:0,&quot;11&quot;:4,&quot;14&quot;:{&quot;1&quot;:3,&quot;3&quot;:1},&quot;16&quot;:11}\"><strong>HYDRO ITALIA<\/strong> op\u00e8re dans le secteur du <strong>traitement des eaux<\/strong> depuis plus de trente ans, acqu\u00e9rant une exp\u00e9rience toujours plus grande gr\u00e2ce \u00e0 laquelle elle collabore avec les plus importantes soci\u00e9t\u00e9s d&rsquo;ing\u00e9nierie d&rsquo;installations au monde.<br \/>\nJusqu\u2019\u00e0 aujourd\u2019hui nous avons install\u00e9 des installations dans les suivantes pays: Italie, France, Espagne, Portugal, Turquie, Russie, Cor\u00e9e, Slov\u00e9nie, R\u00e9publique Tch\u00e8que, Slovaquie, Pologne, Royaume-Uni, Syrie, Etat Unis, Chine, Iran, Argentine, Br\u00e9sil, Inde, Tha\u00eflande, Roumanie, Afrique du Sud.<br \/>\nD\u00e8s le d\u00e9but, pour pr\u00e9cise choisie des membres fondateurs, l\u2019activit\u00e9 s\u2019est d\u00e9velopp\u00e9e selon deux lignes directrices principales \u00e9troitement corr\u00e9l\u00e9es, installations et produits sp\u00e9cifiques, en poursuivant un objectif: <strong>limiter les consommations d\u2019eau en r\u00e9duisant les polluants<\/strong>. Philosophie initialement appr\u00e9ci\u00e9e par quelques op\u00e9rateurs du secteur mais que dans les ans on a affirm\u00e9e \u00e0 tel point \u00e0 constituer aujourd\u2019hui la centralit\u00e9 des demandes.<\/span><\/p>\n\t\t\t\t\t<\/div>\n\t\t\t\t\t\t<\/div>\n\t\t\t\t<\/div>\n\t\t\t\t\t\t<\/div>\n\t\t\t\t\t<\/div>\n\t\t<\/div>\n\t\t\t\t\t\t\t\t<\/div>\n\t\t\t\t\t<\/div>\n\t\t<\/section>\n\t\t\t\t<section class=\"elementor-section elementor-top-section elementor-element elementor-element-ace8217 elementor-section-full_width elementor-reverse-mobile elementor-reverse-tablet elementor-section-height-default elementor-section-height-default\" data-id=\"ace8217\" data-element_type=\"section\">\n\t\t\t\t\t\t<div class=\"elementor-container elementor-column-gap-default\">\n\t\t\t\t\t\t\t<div class=\"elementor-row\">\n\t\t\t\t\t<div class=\"elementor-column elementor-col-50 elementor-top-column elementor-element elementor-element-fc97693\" data-id=\"fc97693\" data-element_type=\"column\" data-settings=\"{&quot;background_background&quot;:&quot;classic&quot;}\">\n\t\t\t<div class=\"elementor-column-wrap elementor-element-populated\">\n\t\t\t\t\t\t\t<div class=\"elementor-widget-wrap\">\n\t\t\t\t\t\t<div class=\"elementor-element elementor-element-1f4606c elementor-widget elementor-widget-heading\" data-id=\"1f4606c\" data-element_type=\"widget\" data-widget_type=\"heading.default\">\n\t\t\t\t<div class=\"elementor-widget-container\">\n\t\t\t<h2 class=\"elementor-heading-title elementor-size-default\">Leader<\/h2>\t\t<\/div>\n\t\t\t\t<\/div>\n\t\t\t\t<div class=\"elementor-element elementor-element-755c373 elementor-widget elementor-widget-text-editor\" data-id=\"755c373\" data-element_type=\"widget\" data-widget_type=\"text-editor.default\">\n\t\t\t\t<div class=\"elementor-widget-container\">\n\t\t\t\t\t\t\t\t<div class=\"elementor-text-editor elementor-clearfix\">\n\t\t\t\t<p><span data-sheets-value=\"{&quot;1&quot;:2,&quot;2&quot;:&quot;L\u2019\u00e9lev\u00e9 caract\u00e8re professionnel des employ\u00e9s uniment \u00e0 leur int\u00e9r\u00eat pour la sauvegarde de l\u2019ambiant, a permis de placer l\u2019entreprise aux sommets dans le secteur du traitement et recirculation des eaux en g\u00e9n\u00e9ral.\\nAu augmenter des dimensions d\u2019entreprise il a correspondu un majeur int\u00e9r\u00eat de la Client\u00e8le pour probl\u00e8mes \\&quot;globaux\\&quot; dans le secteur traitement eaux en adressant ainsi l\u2019entreprise vers une plus compl\u00e8te politique de l\u2019eau.&quot;}\" data-sheets-userformat=\"{&quot;2&quot;:10625,&quot;3&quot;:{&quot;1&quot;:0,&quot;3&quot;:1},&quot;10&quot;:0,&quot;11&quot;:4,&quot;14&quot;:{&quot;1&quot;:3,&quot;3&quot;:1},&quot;16&quot;:11}\">L\u2019\u00e9lev\u00e9 caract\u00e8re professionnel des employ\u00e9s uniment \u00e0 leur int\u00e9r\u00eat pour la sauvegarde de l\u2019ambiant, a permis de <strong>placer l\u2019entreprise aux sommets dans le secteur du traitement et recirculation des eaux e<\/strong>n g\u00e9n\u00e9ral.<br \/>\nAu augmenter des dimensions d\u2019entreprise il a correspondu un majeur int\u00e9r\u00eat de la Client\u00e8le pour probl\u00e8mes \u00ab\u00a0globaux\u00a0\u00bb dans le secteur traitement eaux en adressant ainsi l\u2019entreprise vers une plus compl\u00e8te politique de l\u2019eau.<\/span><\/p>\n\t\t\t\t\t<\/div>\n\t\t\t\t\t\t<\/div>\n\t\t\t\t<\/div>\n\t\t\t\t\t\t<\/div>\n\t\t\t\t\t<\/div>\n\t\t<\/div>\n\t\t\t\t<div class=\"elementor-column elementor-col-50 elementor-top-column elementor-element elementor-element-75d2a82\" data-id=\"75d2a82\" data-element_type=\"column\" data-settings=\"{&quot;background_background&quot;:&quot;classic&quot;}\">\n\t\t\t<div class=\"elementor-column-wrap elementor-element-populated\">\n\t\t\t\t\t\t\t<div class=\"elementor-widget-wrap\">\n\t\t\t\t\t\t<div class=\"elementor-element elementor-element-12afb39 elementor-widget elementor-widget-spacer\" data-id=\"12afb39\" data-element_type=\"widget\" data-widget_type=\"spacer.default\">\n\t\t\t\t<div class=\"elementor-widget-container\">\n\t\t\t\t\t<div class=\"elementor-spacer\">\n\t\t\t<div class=\"elementor-spacer-inner\"><\/div>\n\t\t<\/div>\n\t\t\t\t<\/div>\n\t\t\t\t<\/div>\n\t\t\t\t\t\t<\/div>\n\t\t\t\t\t<\/div>\n\t\t<\/div>\n\t\t\t\t\t\t\t\t<\/div>\n\t\t\t\t\t<\/div>\n\t\t<\/section>\n\t\t\t\t<section class=\"elementor-section elementor-top-section elementor-element elementor-element-c7473f6 elementor-section-full_width elementor-section-height-default elementor-section-height-default\" data-id=\"c7473f6\" data-element_type=\"section\">\n\t\t\t\t\t\t<div class=\"elementor-container elementor-column-gap-default\">\n\t\t\t\t\t\t\t<div class=\"elementor-row\">\n\t\t\t\t\t<div class=\"elementor-column elementor-col-50 elementor-top-column elementor-element elementor-element-e4433ca\" data-id=\"e4433ca\" data-element_type=\"column\" data-settings=\"{&quot;background_background&quot;:&quot;classic&quot;}\">\n\t\t\t<div class=\"elementor-column-wrap elementor-element-populated\">\n\t\t\t\t\t\t\t<div class=\"elementor-widget-wrap\">\n\t\t\t\t\t\t<div class=\"elementor-element elementor-element-abbc571 elementor-widget elementor-widget-spacer\" data-id=\"abbc571\" data-element_type=\"widget\" data-widget_type=\"spacer.default\">\n\t\t\t\t<div class=\"elementor-widget-container\">\n\t\t\t\t\t<div class=\"elementor-spacer\">\n\t\t\t<div class=\"elementor-spacer-inner\"><\/div>\n\t\t<\/div>\n\t\t\t\t<\/div>\n\t\t\t\t<\/div>\n\t\t\t\t\t\t<\/div>\n\t\t\t\t\t<\/div>\n\t\t<\/div>\n\t\t\t\t<div class=\"elementor-column elementor-col-50 elementor-top-column elementor-element elementor-element-19c134a\" data-id=\"19c134a\" data-element_type=\"column\" data-settings=\"{&quot;background_background&quot;:&quot;classic&quot;}\">\n\t\t\t<div class=\"elementor-column-wrap elementor-element-populated\">\n\t\t\t\t\t\t\t<div class=\"elementor-widget-wrap\">\n\t\t\t\t\t\t<div class=\"elementor-element elementor-element-eecfa0e elementor-widget elementor-widget-heading\" data-id=\"eecfa0e\" data-element_type=\"widget\" data-widget_type=\"heading.default\">\n\t\t\t\t<div class=\"elementor-widget-container\">\n\t\t\t<h2 class=\"elementor-heading-title elementor-size-default\">Nos secteurs<\/h2>\t\t<\/div>\n\t\t\t\t<\/div>\n\t\t\t\t<div class=\"elementor-element elementor-element-afada6f elementor-widget elementor-widget-text-editor\" data-id=\"afada6f\" data-element_type=\"widget\" data-widget_type=\"text-editor.default\">\n\t\t\t\t<div class=\"elementor-widget-container\">\n\t\t\t\t\t\t\t\t<div class=\"elementor-text-editor elementor-clearfix\">\n\t\t\t\t<p>Gr\u00e2ce \u00e0 l\u2019aide d\u2019expertises avec pluriannuelle exp\u00e9rience dans le secteur, HYDRO ITALIA<strong class=\"userFormat1\"> a d\u00e9marr\u00e9 les projets, la r\u00e9alisation et l\u2019installation d\u2019appareils et d\u2019\u00e9quipements dans les suivants secteurs:<\/strong><\/p>\n<h5 class=\"viewSottotitolo\"><span style=\"color: #000000; font-size: 22px;\">Industriel:<br \/>\n<\/span><\/h5>\n<div class=\"viewLineBreak\"><\/div>\n<ol class=\"viewOL BLOBListSymbolCustom1\">\n<li class=\"viewLI BLOBAlignLeft\"><strong>Pr\u00e9traitements et traitements eaux de proc\u00e8s avec diff\u00e9rents types de technologie (r\u00e9sines \u00e9change inique, physico-chimiques, flottation, d\u00e9shuilage, \u00e9vaporation, osmose etc.)<\/strong><\/li>\n<li class=\"viewLI BLOBAlignLeft\">Traitement final \u00e0 la d\u00e9charge en utilisant les technologies les plus appropri\u00e9es d\u2019abattage ou <strong>r\u00e9utilisation des polluants<\/strong> apr\u00e8s leur conditionnement.<\/li>\n<\/ol>\n<div class=\"viewLineBreak\"><\/div>\n<h4 class=\"viewSottotitolo\"><span style=\"color: #000000; font-size: 22px;\">Civil<\/span><\/h4>\n<div class=\"viewLineBreak\"><\/div>\n<ol class=\"viewOL BLOBListSymbolCustom1\">\n<li class=\"viewLI BLOBAlignLeft\">Traitements de <strong>potabilit\u00e9, filtration, deferrization, d\u00e9manganisation, adoucissement, d\u00e9min\u00e9ralisation, micro filtration, ultrafiltration, osmose inverse.<\/strong><\/li>\n<li class=\"viewLI BLOBAlignLeft\"><strong>Traitement biologique eaux r\u00e9siduaires<\/strong> de n\u2019importe quelle production.<\/li>\n<\/ol>\n<div class=\"viewPar BLOBAlignLeft\">Jusqu\u2019\u00e0 aujourd\u2019hui HYDRO ITALIA, encore en \u00e9volution continue, vante d\u2019un organique int\u00e9rieur acte \u00e0 garantir, pr\u00e9liminairement \u00e0 la fourniture des installations \u201ccl\u00e9s en main\u201d une compl\u00e8te gestion d\u2019assistance apr\u00e8s-vente en mettant \u00e0 disposition du client un<strong> laboratoire chimique<\/strong>, moyens mobiles \u00e9quip\u00e9s et personnel sp\u00e9cialis\u00e9 en mesure de garantir une pr\u00eate intervention. Dans un cadre synth\u00e9tique HYDRO ITALIA est en mesure de fournir assistance, produits, installations d\u2019\u00e9lev\u00e9 technologie pour le traitement des eaux que r\u00e9pondent pleinement aux exigences sp\u00e9cifiques de chaque Client.<\/div>\n\t\t\t\t\t<\/div>\n\t\t\t\t\t\t<\/div>\n\t\t\t\t<\/div>\n\t\t\t\t\t\t<\/div>\n\t\t\t\t\t<\/div>\n\t\t<\/div>\n\t\t\t\t\t\t\t\t<\/div>\n\t\t\t\t\t<\/div>\n\t\t<\/section>\n\t\t\t\t\t\t\t\t\t<\/div>\n\t\t\t<\/div>\n\t\t\t\t\t<\/div>\n\t\t","protected":false},"excerpt":{"rendered":"<p>Profil de l&rsquo;enterprise Enterprise HYDRO ITALIA op\u00e8re dans le secteur du traitement des eaux depuis plus de trente ans, acqu\u00e9rant une exp\u00e9rience toujours plus grande gr\u00e2ce \u00e0 laquelle elle collabore avec les plus importantes soci\u00e9t\u00e9s d&rsquo;ing\u00e9nierie d&rsquo;installations au monde. Jusqu\u2019\u00e0 aujourd\u2019hui nous avons install\u00e9 des installations dans les suivantes pays: Italie, France, Espagne, Portugal, Turquie, [&hellip;]<\/p>\n","protected":false},"author":2,"featured_media":0,"parent":5048,"menu_order":26,"comment_status":"closed","ping_status":"closed","template":"elementor_header_footer","meta":[],"acf":[],"yoast_head":"<!-- This site is optimized with the Yoast SEO plugin v20.2.1 - https:\/\/yoast.com\/wordpress\/plugins\/seo\/ -->\n<title>Profil de l&#039;enterprise - Hydro Italia<\/title>\n<meta name=\"description\" content=\"Hydro Italia est sp\u00e9cialis\u00e9e dans le traitement des eaux et des boues industrielles. Conception et construction d&#039;installations certifi\u00e9es.\" \/>\n<meta name=\"robots\" content=\"index, follow, max-snippet:-1, max-image-preview:large, max-video-preview:-1\" \/>\n<link rel=\"canonical\" href=\"https:\/\/www.hydroitalia.com\/fr\/entreprise\/profil-de-lenterprise\/\" \/>\n<meta property=\"og:locale\" content=\"fr_FR\" \/>\n<meta property=\"og:type\" content=\"article\" \/>\n<meta property=\"og:title\" content=\"Profil de l&#039;enterprise - Hydro Italia\" \/>\n<meta property=\"og:description\" content=\"Hydro Italia est sp\u00e9cialis\u00e9e dans le traitement des eaux et des boues industrielles. Conception et construction d&#039;installations certifi\u00e9es.\" \/>\n<meta property=\"og:url\" content=\"https:\/\/www.hydroitalia.com\/fr\/entreprise\/profil-de-lenterprise\/\" \/>\n<meta property=\"og:site_name\" content=\"Hydroitalia\" \/>\n<meta property=\"article:modified_time\" content=\"2024-03-27T19:08:50+00:00\" \/>\n<meta property=\"og:image\" content=\"https:\/\/www.hydroitalia.com\/wp-content\/uploads\/2020\/12\/hydroitalia_logo-in.jpg\" \/>\n\t<meta property=\"og:image:width\" content=\"1067\" \/>\n\t<meta property=\"og:image:height\" content=\"419\" \/>\n\t<meta property=\"og:image:type\" content=\"image\/jpeg\" \/>\n<meta name=\"twitter:card\" content=\"summary_large_image\" \/>\n<meta name=\"twitter:label1\" content=\"Dur\u00e9e de lecture estim\u00e9e\" \/>\n\t<meta name=\"twitter:data1\" content=\"2 minutes\" \/>\n<script type=\"application\/ld+json\" class=\"yoast-schema-graph\">{\"@context\":\"https:\/\/schema.org\",\"@graph\":[{\"@type\":\"WebPage\",\"@id\":\"https:\/\/www.hydroitalia.com\/fr\/entreprise\/profil-de-lenterprise\/\",\"url\":\"https:\/\/www.hydroitalia.com\/fr\/entreprise\/profil-de-lenterprise\/\",\"name\":\"Profil de l'enterprise - Hydro Italia\",\"isPartOf\":{\"@id\":\"https:\/\/www.hydroitalia.com\/#website\"},\"datePublished\":\"2020-12-09T14:00:12+00:00\",\"dateModified\":\"2024-03-27T19:08:50+00:00\",\"description\":\"Hydro Italia est sp\u00e9cialis\u00e9e dans le traitement des eaux et des boues industrielles. Conception et construction d'installations certifi\u00e9es.\",\"breadcrumb\":{\"@id\":\"https:\/\/www.hydroitalia.com\/fr\/entreprise\/profil-de-lenterprise\/#breadcrumb\"},\"inLanguage\":\"fr-FR\",\"potentialAction\":[{\"@type\":\"ReadAction\",\"target\":[\"https:\/\/www.hydroitalia.com\/fr\/entreprise\/profil-de-lenterprise\/\"]}]},{\"@type\":\"BreadcrumbList\",\"@id\":\"https:\/\/www.hydroitalia.com\/fr\/entreprise\/profil-de-lenterprise\/#breadcrumb\",\"itemListElement\":[{\"@type\":\"ListItem\",\"position\":1,\"name\":\"Home\",\"item\":\"https:\/\/www.hydroitalia.com\/fr\/home\/\"},{\"@type\":\"ListItem\",\"position\":2,\"name\":\"ENTREPRISE\",\"item\":\"https:\/\/www.hydroitalia.com\/fr\/entreprise\/\"},{\"@type\":\"ListItem\",\"position\":3,\"name\":\"Profil de l&#8217;enterprise\"}]},{\"@type\":\"WebSite\",\"@id\":\"https:\/\/www.hydroitalia.com\/#website\",\"url\":\"https:\/\/www.hydroitalia.com\/\",\"name\":\"Hydro Italia\",\"description\":\"Tecnologie acque e fanghi\",\"publisher\":{\"@id\":\"https:\/\/www.hydroitalia.com\/#organization\"},\"potentialAction\":[{\"@type\":\"SearchAction\",\"target\":{\"@type\":\"EntryPoint\",\"urlTemplate\":\"https:\/\/www.hydroitalia.com\/?s={search_term_string}\"},\"query-input\":\"required name=search_term_string\"}],\"inLanguage\":\"fr-FR\"},{\"@type\":\"Organization\",\"@id\":\"https:\/\/www.hydroitalia.com\/#organization\",\"name\":\"Hydro Italia Srl\",\"url\":\"https:\/\/www.hydroitalia.com\/\",\"logo\":{\"@type\":\"ImageObject\",\"inLanguage\":\"fr-FR\",\"@id\":\"https:\/\/www.hydroitalia.com\/#\/schema\/logo\/image\/\",\"url\":\"https:\/\/www.hydroitalia.com\/wp-content\/uploads\/2020\/12\/Asset-1@4x.png\",\"contentUrl\":\"https:\/\/www.hydroitalia.com\/wp-content\/uploads\/2020\/12\/Asset-1@4x.png\",\"width\":1914,\"height\":442,\"caption\":\"Hydro Italia Srl\"},\"image\":{\"@id\":\"https:\/\/www.hydroitalia.com\/#\/schema\/logo\/image\/\"}}]}<\/script>\n<!-- \/ Yoast SEO plugin. -->","yoast_head_json":{"title":"Profil de l'enterprise - Hydro Italia","description":"Hydro Italia est sp\u00e9cialis\u00e9e dans le traitement des eaux et des boues industrielles. Conception et construction d'installations certifi\u00e9es.","robots":{"index":"index","follow":"follow","max-snippet":"max-snippet:-1","max-image-preview":"max-image-preview:large","max-video-preview":"max-video-preview:-1"},"canonical":"https:\/\/www.hydroitalia.com\/fr\/entreprise\/profil-de-lenterprise\/","og_locale":"fr_FR","og_type":"article","og_title":"Profil de l'enterprise - Hydro Italia","og_description":"Hydro Italia est sp\u00e9cialis\u00e9e dans le traitement des eaux et des boues industrielles. Conception et construction d'installations certifi\u00e9es.","og_url":"https:\/\/www.hydroitalia.com\/fr\/entreprise\/profil-de-lenterprise\/","og_site_name":"Hydroitalia","article_modified_time":"2024-03-27T19:08:50+00:00","og_image":[{"width":1067,"height":419,"url":"https:\/\/www.hydroitalia.com\/wp-content\/uploads\/2020\/12\/hydroitalia_logo-in.jpg","type":"image\/jpeg"}],"twitter_card":"summary_large_image","twitter_misc":{"Dur\u00e9e de lecture estim\u00e9e":"2 minutes"},"schema":{"@context":"https:\/\/schema.org","@graph":[{"@type":"WebPage","@id":"https:\/\/www.hydroitalia.com\/fr\/entreprise\/profil-de-lenterprise\/","url":"https:\/\/www.hydroitalia.com\/fr\/entreprise\/profil-de-lenterprise\/","name":"Profil de l'enterprise - Hydro Italia","isPartOf":{"@id":"https:\/\/www.hydroitalia.com\/#website"},"datePublished":"2020-12-09T14:00:12+00:00","dateModified":"2024-03-27T19:08:50+00:00","description":"Hydro Italia est sp\u00e9cialis\u00e9e dans le traitement des eaux et des boues industrielles. Conception et construction d'installations certifi\u00e9es.","breadcrumb":{"@id":"https:\/\/www.hydroitalia.com\/fr\/entreprise\/profil-de-lenterprise\/#breadcrumb"},"inLanguage":"fr-FR","potentialAction":[{"@type":"ReadAction","target":["https:\/\/www.hydroitalia.com\/fr\/entreprise\/profil-de-lenterprise\/"]}]},{"@type":"BreadcrumbList","@id":"https:\/\/www.hydroitalia.com\/fr\/entreprise\/profil-de-lenterprise\/#breadcrumb","itemListElement":[{"@type":"ListItem","position":1,"name":"Home","item":"https:\/\/www.hydroitalia.com\/fr\/home\/"},{"@type":"ListItem","position":2,"name":"ENTREPRISE","item":"https:\/\/www.hydroitalia.com\/fr\/entreprise\/"},{"@type":"ListItem","position":3,"name":"Profil de l&#8217;enterprise"}]},{"@type":"WebSite","@id":"https:\/\/www.hydroitalia.com\/#website","url":"https:\/\/www.hydroitalia.com\/","name":"Hydro Italia","description":"Tecnologie acque e fanghi","publisher":{"@id":"https:\/\/www.hydroitalia.com\/#organization"},"potentialAction":[{"@type":"SearchAction","target":{"@type":"EntryPoint","urlTemplate":"https:\/\/www.hydroitalia.com\/?s={search_term_string}"},"query-input":"required name=search_term_string"}],"inLanguage":"fr-FR"},{"@type":"Organization","@id":"https:\/\/www.hydroitalia.com\/#organization","name":"Hydro Italia Srl","url":"https:\/\/www.hydroitalia.com\/","logo":{"@type":"ImageObject","inLanguage":"fr-FR","@id":"https:\/\/www.hydroitalia.com\/#\/schema\/logo\/image\/","url":"https:\/\/www.hydroitalia.com\/wp-content\/uploads\/2020\/12\/Asset-1@4x.png","contentUrl":"https:\/\/www.hydroitalia.com\/wp-content\/uploads\/2020\/12\/Asset-1@4x.png","width":1914,"height":442,"caption":"Hydro Italia Srl"},"image":{"@id":"https:\/\/www.hydroitalia.com\/#\/schema\/logo\/image\/"}}]}},"_links":{"self":[{"href":"https:\/\/www.hydroitalia.com\/fr\/wp-json\/wp\/v2\/pages\/5344"}],"collection":[{"href":"https:\/\/www.hydroitalia.com\/fr\/wp-json\/wp\/v2\/pages"}],"about":[{"href":"https:\/\/www.hydroitalia.com\/fr\/wp-json\/wp\/v2\/types\/page"}],"author":[{"embeddable":true,"href":"https:\/\/www.hydroitalia.com\/fr\/wp-json\/wp\/v2\/users\/2"}],"replies":[{"embeddable":true,"href":"https:\/\/www.hydroitalia.com\/fr\/wp-json\/wp\/v2\/comments?post=5344"}],"version-history":[{"count":3,"href":"https:\/\/www.hydroitalia.com\/fr\/wp-json\/wp\/v2\/pages\/5344\/revisions"}],"predecessor-version":[{"id":10211,"href":"https:\/\/www.hydroitalia.com\/fr\/wp-json\/wp\/v2\/pages\/5344\/revisions\/10211"}],"up":[{"embeddable":true,"href":"https:\/\/www.hydroitalia.com\/fr\/wp-json\/wp\/v2\/pages\/5048"}],"wp:attachment":[{"href":"https:\/\/www.hydroitalia.com\/fr\/wp-json\/wp\/v2\/media?parent=5344"}],"curies":[{"name":"wp","href":"https:\/\/api.w.org\/{rel}","templated":true}]}}