{"id":5295,"date":"2020-12-09T14:00:12","date_gmt":"2020-12-09T14:00:12","guid":{"rendered":"http:\/\/hydroitalia.com\/entreprise\/bureau-de-la-qualite\/"},"modified":"2024-03-27T19:14:49","modified_gmt":"2024-03-27T19:14:49","slug":"bureau-de-la-qualite","status":"publish","type":"page","link":"https:\/\/www.hydroitalia.com\/fr\/entreprise\/bureau-de-la-qualite\/","title":{"rendered":"Bureau de la qualit\u00e9"},"content":{"rendered":"\t\t<div data-elementor-type=\"wp-page\" data-elementor-id=\"5295\" class=\"elementor elementor-5295 elementor-64\">\n\t\t\t\t\t\t<div class=\"elementor-inner\">\n\t\t\t\t<div class=\"elementor-section-wrap\">\n\t\t\t\t\t\t\t\t\t<section class=\"elementor-section elementor-top-section elementor-element elementor-element-7d97b75 elementor-section-height-min-height elementor-section-boxed elementor-section-height-default elementor-section-items-middle\" data-id=\"7d97b75\" data-element_type=\"section\" data-settings=\"{&quot;background_background&quot;:&quot;classic&quot;}\">\n\t\t\t\t\t\t\t<div class=\"elementor-background-overlay\"><\/div>\n\t\t\t\t\t\t\t<div class=\"elementor-container elementor-column-gap-default\">\n\t\t\t\t\t\t\t<div class=\"elementor-row\">\n\t\t\t\t\t<div class=\"elementor-column elementor-col-100 elementor-top-column elementor-element elementor-element-ecaf9a8\" data-id=\"ecaf9a8\" data-element_type=\"column\">\n\t\t\t<div class=\"elementor-column-wrap elementor-element-populated\">\n\t\t\t\t\t\t\t<div class=\"elementor-widget-wrap\">\n\t\t\t\t\t\t<div class=\"elementor-element elementor-element-8d5d3e3 elementor-widget elementor-widget-heading\" data-id=\"8d5d3e3\" data-element_type=\"widget\" data-widget_type=\"heading.default\">\n\t\t\t\t<div class=\"elementor-widget-container\">\n\t\t\t<h1 class=\"elementor-heading-title elementor-size-default\">Bureau de la qualit\u00e9<\/h1>\t\t<\/div>\n\t\t\t\t<\/div>\n\t\t\t\t\t\t<\/div>\n\t\t\t\t\t<\/div>\n\t\t<\/div>\n\t\t\t\t\t\t\t\t<\/div>\n\t\t\t\t\t<\/div>\n\t\t<\/section>\n\t\t\t\t<section class=\"elementor-section elementor-top-section elementor-element elementor-element-b118a70 elementor-section-boxed elementor-section-height-default elementor-section-height-default\" data-id=\"b118a70\" data-element_type=\"section\">\n\t\t\t\t\t\t<div class=\"elementor-container elementor-column-gap-default\">\n\t\t\t\t\t\t\t<div class=\"elementor-row\">\n\t\t\t\t\t<div class=\"elementor-column elementor-col-50 elementor-top-column elementor-element elementor-element-1bbbf31\" data-id=\"1bbbf31\" data-element_type=\"column\">\n\t\t\t<div class=\"elementor-column-wrap elementor-element-populated\">\n\t\t\t\t\t\t\t<div class=\"elementor-widget-wrap\">\n\t\t\t\t\t\t<div class=\"elementor-element elementor-element-bea65c2 elementor-widget elementor-widget-text-editor\" data-id=\"bea65c2\" data-element_type=\"widget\" data-widget_type=\"text-editor.default\">\n\t\t\t\t<div class=\"elementor-widget-container\">\n\t\t\t\t\t\t\t\t<div class=\"elementor-text-editor elementor-clearfix\">\n\t\t\t\t<p><span data-sheets-value=\"{&quot;1&quot;:2,&quot;2&quot;:&quot;The General Management, in underlining the importance of management aimed at continuous improvement, in compliance with the guidelines set by the ISO 9001: 2015 standard, defines the objectives it intends to pursue and the commitments to be undertaken through the introduction of a Quality System.\\n\\nHydro Italia believes, in fact, that it is extremely important to have created a Quality Management System within its own organization. Keeping this System up-to-date and efficient, we want to support a constant research and commitment aimed at improving the company processes that allows us to guarantee: \\n- Customer satisfaction\\n- The assurance of a constant quality level of the products and services provided\\n- The effectiveness of the interventions \\n\\nPriority objectives for the maintenance and continuous improvement of its products and services are:\\n1. better communication with the customer, which allows to identify the explicit and implicit needs and to adopt consequent and effective actions aimed at satisfying them\\n2. compliance with contractual requirements\\n3. constant determination in the search for and elimination of non-conformities\\n4. identification of performance indicators and assignment of real and measurable objectives for fundamental corporate processes. These indicators and objectives are collected in an established improvement plan\\n5. constant effort in preventing problems and shortcomings\\n6. pursuing a constant and assiduous collaboration with the Suppliers of materials and services in order to activate relationships based on a continuous and joint growth of the overall quality offered to the market\\n7. absolute compliance with the laws and regulations in force concerning safety, industrial health and accident prevention.\\n\\nWe intend to pursue the objectives indicated above through the use of:\\n\u2022 specific equipment with proven validity and its own experimentation\\n\u2022 products tested and of guaranteed quality\\n\u2022 methodologies of control and recording of interventions that allow the measurability of the results and the statistical comparison between the same. \\nFor all this the General Management undertakes to take an active role in promoting and guiding all activities having an influence on quality through:\\n- the establishment, formalization and implementation of a Quality Management System according to the UNI EN ISO 9001: 2015 standard\\n- the continuous updating of our own operational tools \u00d8 the promotion and implementation of personnel training programs at all levels in order to optimize the process of human resources growth\\n- the scientific update that allows the evaluation and experimentation of the new proposals made in our areas of intervention. In implementing this Policy, the General Management undertakes to set aside the necessary resources both in economic and of personnel terms. The General Management, however, points out that the achievement of the objectives set out above is a responsibility of all personnel of Hydro Italia and therefore involves every company function within the assigned tasks. Therefore, the General Management is committed to ensuring that this Policy is understood, accepted and supported at all organizational levels through adequate and constant training for all personnel performing functions that influence quality. The records of these awareness\/training activities, generally carried out through meetings, are maintained by the Quality System Manager. In order for the Quality Policy to be implemented at its best, the General Management undertakes to support it with all the technical, IT and logistic tools deemed necessary.\\n\\nThe Quality Management System of Hydro Italia Srl complies with the requirements of the standard for quality management systems.\\n\\nClick on the image to download the quality certification.\\n&quot;}\" data-sheets-userformat=\"{&quot;2&quot;:10497,&quot;3&quot;:{&quot;1&quot;:0,&quot;3&quot;:1},&quot;11&quot;:4,&quot;14&quot;:{&quot;1&quot;:3,&quot;3&quot;:1},&quot;16&quot;:12}\">The General Management, in underlining the importance of management aimed at continuous improvement, in compliance with the guidelines set by the ISO 9001: 2015 standard, defines the objectives it intends to pursue and the commitments to be undertaken through the introduction of a Quality System.<\/span><\/p>\n<p><strong>Hydro Italia<\/strong> believes, in fact, that it is extremely important to have created a Quality Management System within its own organization. Keeping this System up-to-date and efficient, we want to support a constant research and commitment aimed at improving the company processes that allows us to guarantee:<br \/>\n&#8211; Customer satisfaction<br \/>\n&#8211; The assurance of a constant quality level of the products and services provided<br \/>\n&#8211; The effectiveness of the interventions<\/p>\n<p>Priority objectives for the maintenance and continuous improvement of its products and services are:<br \/>\n1. better communication with the customer, which allows to identify the explicit and implicit needs and to adopt consequent and effective actions aimed at satisfying them<br \/>\n2. compliance with contractual requirements<br \/>\n3. constant determination in the search for and elimination of non-conformities<br \/>\n4. identification of performance indicators and assignment of real and measurable objectives for fundamental corporate processes. These indicators and objectives are collected in an established improvement plan<br \/>\n5. constant effort in preventing problems and shortcomings<br \/>\n6. pursuing a constant and assiduous collaboration with the Suppliers of materials and services in order to activate relationships based on a continuous and joint growth of the overall quality offered to the market<br \/>\n7. absolute compliance with the laws and regulations in force concerning safety, industrial health and accident prevention.<\/p>\n<p>We intend to pursue the objectives indicated above through the use of:<br \/>\n\u2022 specific equipment with proven validity and its own experimentation<br \/>\n\u2022 products tested and of guaranteed quality<br \/>\n\u2022 methodologies of control and recording of interventions that allow the measurability of the results and the statistical comparison between the same.<br \/>\nFor all this the General Management undertakes to take an active role in promoting and guiding all activities having an influence on quality through:<br \/>\n&#8211; the establishment, formalization and implementation of a Quality Management System according to the UNI EN ISO 9001: 2015 standard<br \/>\n&#8211; the continuous updating of our own operational tools \u00d8 the promotion and implementation of personnel training programs at all levels in order to optimize the process of human resources growth<br \/>\n&#8211; the scientific update that allows the evaluation and experimentation of the new proposals made in our areas of intervention. In implementing this Policy, the General Management undertakes to set aside the necessary resources both in economic and of personnel terms. The General Management, however, points out that the achievement of the objectives set out above is a responsibility of all personnel of <strong>Hydro Italia<\/strong> and therefore involves every company function within the assigned tasks. Therefore, the General Management is committed to ensuring that this Policy is understood, accepted and supported at all organizational levels through adequate and constant training for all personnel performing functions that influence quality. The records of these awareness\/training activities, generally carried out through meetings, are maintained by the Quality System Manager. In order for the Quality Policy to be implemented at its best, the General Management undertakes to support it with all the technical, IT and logistic tools deemed necessary.<\/p>\n<p>The Quality Management System of Hydro Italia Srl complies with the requirements of the standard for quality management systems.<\/p>\n<p>&nbsp;<\/p>\n\t\t\t\t\t<\/div>\n\t\t\t\t\t\t<\/div>\n\t\t\t\t<\/div>\n\t\t\t\t\t\t<\/div>\n\t\t\t\t\t<\/div>\n\t\t<\/div>\n\t\t\t\t<div class=\"elementor-column elementor-col-50 elementor-top-column elementor-element elementor-element-06a5644\" data-id=\"06a5644\" data-element_type=\"column\">\n\t\t\t<div class=\"elementor-column-wrap elementor-element-populated\">\n\t\t\t\t\t\t\t<div class=\"elementor-widget-wrap\">\n\t\t\t\t\t\t<div class=\"elementor-element elementor-element-2ddee00 elementor-widget elementor-widget-image\" data-id=\"2ddee00\" data-element_type=\"widget\" data-settings=\"{&quot;sticky&quot;:&quot;top&quot;,&quot;sticky_on&quot;:[&quot;desktop&quot;,&quot;tablet&quot;],&quot;sticky_offset&quot;:156,&quot;sticky_parent&quot;:&quot;yes&quot;,&quot;sticky_effects_offset&quot;:0}\" data-widget_type=\"image.default\">\n\t\t\t\t<div class=\"elementor-widget-container\">\n\t\t\t\t\t\t\t\t<div class=\"elementor-image\">\n\t\t\t\t\t\t\t\t\t\t\t\t\t<a href=\"http:\/\/hydroitalia.com\/wp-content\/uploads\/2021\/07\/ISO-9001-CERT-06786-2000-AQ-BOL-SINCERT-3-en-US-20210614-20210614075234.pdf\" target=\"_blank\">\n\t\t\t\t\t\t\t<img width=\"242\" height=\"397\" src=\"https:\/\/www.hydroitalia.com\/wp-content\/uploads\/2020\/12\/CERTIFICATO_ISO.jpg\" class=\"attachment-large size-large wp-image-1311\" alt=\"CERTIFICATO ISO Hydro Italia s.r.l.\" loading=\"lazy\" srcset=\"https:\/\/www.hydroitalia.com\/wp-content\/uploads\/2020\/12\/CERTIFICATO_ISO.jpg 242w, https:\/\/www.hydroitalia.com\/wp-content\/uploads\/2020\/12\/CERTIFICATO_ISO-183x300.jpg 183w\" sizes=\"(max-width: 242px) 100vw, 242px\" \/>\t\t\t\t\t\t\t\t<\/a>\n\t\t\t\t\t\t\t\t\t\t\t\t\t\t<\/div>\n\t\t\t\t\t\t<\/div>\n\t\t\t\t<\/div>\n\t\t\t\t<div class=\"elementor-element elementor-element-e02ca54 elementor-widget elementor-widget-text-editor\" data-id=\"e02ca54\" data-element_type=\"widget\" data-settings=\"{&quot;sticky&quot;:&quot;top&quot;,&quot;sticky_on&quot;:[&quot;desktop&quot;,&quot;tablet&quot;],&quot;sticky_offset&quot;:500,&quot;sticky_effects_offset&quot;:100,&quot;sticky_parent&quot;:&quot;yes&quot;}\" data-widget_type=\"text-editor.default\">\n\t\t\t\t<div class=\"elementor-widget-container\">\n\t\t\t\t\t\t\t\t<div class=\"elementor-text-editor elementor-clearfix\">\n\t\t\t\t<p><span data-sheets-value=\"{&quot;1&quot;:2,&quot;2&quot;:&quot;The General Management, in underlining the importance of management aimed at continuous improvement, in compliance with the guidelines set by the ISO 9001: 2015 standard, defines the objectives it intends to pursue and the commitments to be undertaken through the introduction of a Quality System.\\n\\nHydro Italia believes, in fact, that it is extremely important to have created a Quality Management System within its own organization. Keeping this System up-to-date and efficient, we want to support a constant research and commitment aimed at improving the company processes that allows us to guarantee:  \\n- Customer satisfaction\\n-  The assurance of a constant quality level of the products and services provided\\n-  The effectiveness of the interventions  \\n\\nPriority objectives for the maintenance and continuous improvement of its products and services are:\\n1.    better communication with the customer, which allows to identify the explicit and implicit needs and to adopt consequent and effective actions aimed at satisfying them\\n2.    compliance with contractual requirements\\n3.    constant determination in the search for and elimination of non-conformities\\n4.    identification of performance indicators and assignment of real and measurable objectives for fundamental corporate processes. These indicators and objectives are collected in an established improvement plan\\n5.    constant effort in preventing problems and shortcomings\\n6.    pursuing a constant and assiduous collaboration with the Suppliers of materials and services in order to activate relationships based on a continuous and joint growth of the overall quality offered to the market\\n7.    absolute compliance with the laws and regulations in force concerning safety, industrial health and accident prevention.\\n\\nWe intend to pursue the objectives indicated above through the use of:\\n\u2022 specific equipment with proven validity and its own experimentation\\n\u2022 products tested and of guaranteed quality\\n\u2022 methodologies of control and recording of interventions that allow the measurability of the results and the statistical comparison between the same.  \\nFor all this the General Management undertakes to take an active role in promoting and guiding all activities having an influence on quality through:\\n- the establishment, formalization and implementation of a Quality Management System according to the UNI EN ISO 9001: 2015 standard\\n- the continuous updating of our own operational tools \u00d8  the promotion and implementation of personnel training programs at all levels in order to optimize the process of human resources growth\\n- the scientific update that allows the evaluation and experimentation of the new proposals made in our areas of intervention. In implementing this Policy, the General Management undertakes to set aside the necessary resources both in economic and of personnel terms. The General Management, however, points out that the achievement of the objectives set out above is a responsibility of all personnel of Hydro Italia and therefore involves every company function within the assigned tasks.   Therefore, the General Management is committed to ensuring that this Policy is understood, accepted and supported at all organizational levels through adequate and constant training for all personnel performing functions that influence quality. The records of these awareness\/training activities, generally carried out through meetings, are maintained by the Quality System Manager. In order for the Quality Policy to be implemented at its best, the General Management undertakes to support it with all the technical, IT and logistic tools deemed necessary.\\n\\nThe Quality Management System of Hydro Italia Srl complies with the requirements of the standard for quality management systems.\\n\\nClick on the image to download the quality certification.\\n&quot;}\" data-sheets-userformat=\"{&quot;2&quot;:10497,&quot;3&quot;:{&quot;1&quot;:0,&quot;3&quot;:1},&quot;11&quot;:4,&quot;14&quot;:{&quot;1&quot;:3,&quot;3&quot;:1},&quot;16&quot;:12}\">Click on the image to download the quality certification.<\/span><\/p>\n\t\t\t\t\t<\/div>\n\t\t\t\t\t\t<\/div>\n\t\t\t\t<\/div>\n\t\t\t\t\t\t<\/div>\n\t\t\t\t\t<\/div>\n\t\t<\/div>\n\t\t\t\t\t\t\t\t<\/div>\n\t\t\t\t\t<\/div>\n\t\t<\/section>\n\t\t\t\t\t\t\t\t\t<\/div>\n\t\t\t<\/div>\n\t\t\t\t\t<\/div>\n\t\t","protected":false},"excerpt":{"rendered":"<p>Bureau de la qualit\u00e9 The General Management, in underlining the importance of management aimed at continuous improvement, in compliance with the guidelines set by the ISO 9001: 2015 standard, defines the objectives it intends to pursue and the commitments to be undertaken through the introduction of a Quality System. Hydro Italia believes, in fact, that [&hellip;]<\/p>\n","protected":false},"author":2,"featured_media":0,"parent":5048,"menu_order":25,"comment_status":"closed","ping_status":"closed","template":"elementor_header_footer","meta":[],"acf":[],"yoast_head":"<!-- This site is optimized with the Yoast SEO plugin v20.2.1 - https:\/\/yoast.com\/wordpress\/plugins\/seo\/ -->\n<title>Syst\u00e8me de gestion de la qualit\u00e9 | Hydro Italie<\/title>\n<meta name=\"description\" content=\"Hydro Italia consid\u00e8re que la mise en \u0153uvre d&#039;un syst\u00e8me de gestion de la qualit\u00e9 au sein de son organisation est de la plus haute importance.\" \/>\n<meta name=\"robots\" content=\"index, follow, max-snippet:-1, max-image-preview:large, max-video-preview:-1\" \/>\n<link rel=\"canonical\" href=\"https:\/\/www.hydroitalia.com\/fr\/entreprise\/bureau-de-la-qualite\/\" \/>\n<meta property=\"og:locale\" content=\"fr_FR\" \/>\n<meta property=\"og:type\" content=\"article\" \/>\n<meta property=\"og:title\" content=\"Syst\u00e8me de gestion de la qualit\u00e9 | Hydro Italie\" \/>\n<meta property=\"og:description\" content=\"Hydro Italia consid\u00e8re que la mise en \u0153uvre d&#039;un syst\u00e8me de gestion de la qualit\u00e9 au sein de son organisation est de la plus haute importance.\" \/>\n<meta property=\"og:url\" content=\"https:\/\/www.hydroitalia.com\/fr\/entreprise\/bureau-de-la-qualite\/\" \/>\n<meta property=\"og:site_name\" content=\"Hydroitalia\" \/>\n<meta property=\"article:modified_time\" content=\"2024-03-27T19:14:49+00:00\" \/>\n<meta property=\"og:image\" content=\"https:\/\/www.hydroitalia.com\/wp-content\/uploads\/2020\/12\/CERTIFICATO_ISO.jpg\" \/>\n<meta name=\"twitter:card\" content=\"summary_large_image\" \/>\n<meta name=\"twitter:label1\" content=\"Dur\u00e9e de lecture estim\u00e9e\" \/>\n\t<meta name=\"twitter:data1\" content=\"3 minutes\" \/>\n<script type=\"application\/ld+json\" class=\"yoast-schema-graph\">{\"@context\":\"https:\/\/schema.org\",\"@graph\":[{\"@type\":\"WebPage\",\"@id\":\"https:\/\/www.hydroitalia.com\/fr\/entreprise\/bureau-de-la-qualite\/\",\"url\":\"https:\/\/www.hydroitalia.com\/fr\/entreprise\/bureau-de-la-qualite\/\",\"name\":\"Syst\u00e8me de gestion de la qualit\u00e9 | Hydro Italie\",\"isPartOf\":{\"@id\":\"https:\/\/www.hydroitalia.com\/#website\"},\"datePublished\":\"2020-12-09T14:00:12+00:00\",\"dateModified\":\"2024-03-27T19:14:49+00:00\",\"description\":\"Hydro Italia consid\u00e8re que la mise en \u0153uvre d'un syst\u00e8me de gestion de la qualit\u00e9 au sein de son organisation est de la plus haute importance.\",\"breadcrumb\":{\"@id\":\"https:\/\/www.hydroitalia.com\/fr\/entreprise\/bureau-de-la-qualite\/#breadcrumb\"},\"inLanguage\":\"fr-FR\",\"potentialAction\":[{\"@type\":\"ReadAction\",\"target\":[\"https:\/\/www.hydroitalia.com\/fr\/entreprise\/bureau-de-la-qualite\/\"]}]},{\"@type\":\"BreadcrumbList\",\"@id\":\"https:\/\/www.hydroitalia.com\/fr\/entreprise\/bureau-de-la-qualite\/#breadcrumb\",\"itemListElement\":[{\"@type\":\"ListItem\",\"position\":1,\"name\":\"Home\",\"item\":\"https:\/\/www.hydroitalia.com\/fr\/home\/\"},{\"@type\":\"ListItem\",\"position\":2,\"name\":\"ENTREPRISE\",\"item\":\"https:\/\/www.hydroitalia.com\/fr\/entreprise\/\"},{\"@type\":\"ListItem\",\"position\":3,\"name\":\"Bureau de la qualit\u00e9\"}]},{\"@type\":\"WebSite\",\"@id\":\"https:\/\/www.hydroitalia.com\/#website\",\"url\":\"https:\/\/www.hydroitalia.com\/\",\"name\":\"Hydro Italia\",\"description\":\"Tecnologie acque e fanghi\",\"publisher\":{\"@id\":\"https:\/\/www.hydroitalia.com\/#organization\"},\"potentialAction\":[{\"@type\":\"SearchAction\",\"target\":{\"@type\":\"EntryPoint\",\"urlTemplate\":\"https:\/\/www.hydroitalia.com\/?s={search_term_string}\"},\"query-input\":\"required name=search_term_string\"}],\"inLanguage\":\"fr-FR\"},{\"@type\":\"Organization\",\"@id\":\"https:\/\/www.hydroitalia.com\/#organization\",\"name\":\"Hydro Italia Srl\",\"url\":\"https:\/\/www.hydroitalia.com\/\",\"logo\":{\"@type\":\"ImageObject\",\"inLanguage\":\"fr-FR\",\"@id\":\"https:\/\/www.hydroitalia.com\/#\/schema\/logo\/image\/\",\"url\":\"https:\/\/www.hydroitalia.com\/wp-content\/uploads\/2020\/12\/Asset-1@4x.png\",\"contentUrl\":\"https:\/\/www.hydroitalia.com\/wp-content\/uploads\/2020\/12\/Asset-1@4x.png\",\"width\":1914,\"height\":442,\"caption\":\"Hydro Italia Srl\"},\"image\":{\"@id\":\"https:\/\/www.hydroitalia.com\/#\/schema\/logo\/image\/\"}}]}<\/script>\n<!-- \/ Yoast SEO plugin. -->","yoast_head_json":{"title":"Syst\u00e8me de gestion de la qualit\u00e9 | Hydro Italie","description":"Hydro Italia consid\u00e8re que la mise en \u0153uvre d'un syst\u00e8me de gestion de la qualit\u00e9 au sein de son organisation est de la plus haute importance.","robots":{"index":"index","follow":"follow","max-snippet":"max-snippet:-1","max-image-preview":"max-image-preview:large","max-video-preview":"max-video-preview:-1"},"canonical":"https:\/\/www.hydroitalia.com\/fr\/entreprise\/bureau-de-la-qualite\/","og_locale":"fr_FR","og_type":"article","og_title":"Syst\u00e8me de gestion de la qualit\u00e9 | Hydro Italie","og_description":"Hydro Italia consid\u00e8re que la mise en \u0153uvre d'un syst\u00e8me de gestion de la qualit\u00e9 au sein de son organisation est de la plus haute importance.","og_url":"https:\/\/www.hydroitalia.com\/fr\/entreprise\/bureau-de-la-qualite\/","og_site_name":"Hydroitalia","article_modified_time":"2024-03-27T19:14:49+00:00","og_image":[{"url":"https:\/\/www.hydroitalia.com\/wp-content\/uploads\/2020\/12\/CERTIFICATO_ISO.jpg"}],"twitter_card":"summary_large_image","twitter_misc":{"Dur\u00e9e de lecture estim\u00e9e":"3 minutes"},"schema":{"@context":"https:\/\/schema.org","@graph":[{"@type":"WebPage","@id":"https:\/\/www.hydroitalia.com\/fr\/entreprise\/bureau-de-la-qualite\/","url":"https:\/\/www.hydroitalia.com\/fr\/entreprise\/bureau-de-la-qualite\/","name":"Syst\u00e8me de gestion de la qualit\u00e9 | Hydro Italie","isPartOf":{"@id":"https:\/\/www.hydroitalia.com\/#website"},"datePublished":"2020-12-09T14:00:12+00:00","dateModified":"2024-03-27T19:14:49+00:00","description":"Hydro Italia consid\u00e8re que la mise en \u0153uvre d'un syst\u00e8me de gestion de la qualit\u00e9 au sein de son organisation est de la plus haute importance.","breadcrumb":{"@id":"https:\/\/www.hydroitalia.com\/fr\/entreprise\/bureau-de-la-qualite\/#breadcrumb"},"inLanguage":"fr-FR","potentialAction":[{"@type":"ReadAction","target":["https:\/\/www.hydroitalia.com\/fr\/entreprise\/bureau-de-la-qualite\/"]}]},{"@type":"BreadcrumbList","@id":"https:\/\/www.hydroitalia.com\/fr\/entreprise\/bureau-de-la-qualite\/#breadcrumb","itemListElement":[{"@type":"ListItem","position":1,"name":"Home","item":"https:\/\/www.hydroitalia.com\/fr\/home\/"},{"@type":"ListItem","position":2,"name":"ENTREPRISE","item":"https:\/\/www.hydroitalia.com\/fr\/entreprise\/"},{"@type":"ListItem","position":3,"name":"Bureau de la qualit\u00e9"}]},{"@type":"WebSite","@id":"https:\/\/www.hydroitalia.com\/#website","url":"https:\/\/www.hydroitalia.com\/","name":"Hydro Italia","description":"Tecnologie acque e fanghi","publisher":{"@id":"https:\/\/www.hydroitalia.com\/#organization"},"potentialAction":[{"@type":"SearchAction","target":{"@type":"EntryPoint","urlTemplate":"https:\/\/www.hydroitalia.com\/?s={search_term_string}"},"query-input":"required name=search_term_string"}],"inLanguage":"fr-FR"},{"@type":"Organization","@id":"https:\/\/www.hydroitalia.com\/#organization","name":"Hydro Italia Srl","url":"https:\/\/www.hydroitalia.com\/","logo":{"@type":"ImageObject","inLanguage":"fr-FR","@id":"https:\/\/www.hydroitalia.com\/#\/schema\/logo\/image\/","url":"https:\/\/www.hydroitalia.com\/wp-content\/uploads\/2020\/12\/Asset-1@4x.png","contentUrl":"https:\/\/www.hydroitalia.com\/wp-content\/uploads\/2020\/12\/Asset-1@4x.png","width":1914,"height":442,"caption":"Hydro Italia Srl"},"image":{"@id":"https:\/\/www.hydroitalia.com\/#\/schema\/logo\/image\/"}}]}},"_links":{"self":[{"href":"https:\/\/www.hydroitalia.com\/fr\/wp-json\/wp\/v2\/pages\/5295"}],"collection":[{"href":"https:\/\/www.hydroitalia.com\/fr\/wp-json\/wp\/v2\/pages"}],"about":[{"href":"https:\/\/www.hydroitalia.com\/fr\/wp-json\/wp\/v2\/types\/page"}],"author":[{"embeddable":true,"href":"https:\/\/www.hydroitalia.com\/fr\/wp-json\/wp\/v2\/users\/2"}],"replies":[{"embeddable":true,"href":"https:\/\/www.hydroitalia.com\/fr\/wp-json\/wp\/v2\/comments?post=5295"}],"version-history":[{"count":13,"href":"https:\/\/www.hydroitalia.com\/fr\/wp-json\/wp\/v2\/pages\/5295\/revisions"}],"predecessor-version":[{"id":10395,"href":"https:\/\/www.hydroitalia.com\/fr\/wp-json\/wp\/v2\/pages\/5295\/revisions\/10395"}],"up":[{"embeddable":true,"href":"https:\/\/www.hydroitalia.com\/fr\/wp-json\/wp\/v2\/pages\/5048"}],"wp:attachment":[{"href":"https:\/\/www.hydroitalia.com\/fr\/wp-json\/wp\/v2\/media?parent=5295"}],"curies":[{"name":"wp","href":"https:\/\/api.w.org\/{rel}","templated":true}]}}