{"id":6941,"date":"2021-02-19T11:49:28","date_gmt":"2021-02-19T11:49:28","guid":{"rendered":"http:\/\/hydroitalia.com\/privacy-e-cookies-policy\/"},"modified":"2021-02-22T14:21:31","modified_gmt":"2021-02-22T14:21:31","slug":"privacy-e-cookies-policy","status":"publish","type":"page","link":"https:\/\/www.hydroitalia.com\/es\/privacy-e-cookies-policy\/","title":{"rendered":"Privacy e Cookies Policy"},"content":{"rendered":"\t\t<div data-elementor-type=\"wp-page\" data-elementor-id=\"6941\" class=\"elementor elementor-6941 elementor-6935\">\n\t\t\t\t\t\t<div class=\"elementor-inner\">\n\t\t\t\t<div class=\"elementor-section-wrap\">\n\t\t\t\t\t\t\t\t\t<section class=\"elementor-section elementor-top-section elementor-element elementor-element-2786f561 elementor-section-boxed elementor-section-height-default elementor-section-height-default\" data-id=\"2786f561\" data-element_type=\"section\">\n\t\t\t\t\t\t<div class=\"elementor-container elementor-column-gap-default\">\n\t\t\t\t\t\t\t<div class=\"elementor-row\">\n\t\t\t\t\t<div class=\"elementor-column elementor-col-100 elementor-top-column elementor-element elementor-element-c9323a\" data-id=\"c9323a\" data-element_type=\"column\">\n\t\t\t<div class=\"elementor-column-wrap elementor-element-populated\">\n\t\t\t\t\t\t\t<div class=\"elementor-widget-wrap\">\n\t\t\t\t\t\t<div class=\"elementor-element elementor-element-41bb7a8 elementor-widget elementor-widget-heading\" data-id=\"41bb7a8\" data-element_type=\"widget\" data-widget_type=\"heading.default\">\n\t\t\t\t<div class=\"elementor-widget-container\">\n\t\t\t<h2 class=\"elementor-heading-title elementor-size-default\">Privacy e Cookie Policy<\/h2>\t\t<\/div>\n\t\t\t\t<\/div>\n\t\t\t\t<div class=\"elementor-element elementor-element-3522b00 elementor-widget elementor-widget-text-editor\" data-id=\"3522b00\" data-element_type=\"widget\" data-widget_type=\"text-editor.default\">\n\t\t\t\t<div class=\"elementor-widget-container\">\n\t\t\t\t\t\t\t\t<div class=\"elementor-text-editor elementor-clearfix\">\n\t\t\t\t<p>Esta p\u00e1gina contiene informaci\u00f3n sobre el tratamiento de los datos personales de individuos que interact\u00faan con HYDRO ITALIA SRL. Este aviso se da conforme al art. 13 de la Ley 196\/03 (Ley de protecci\u00f3n de datos personales) a los usuarios que interact\u00faan con los servicios disponibles, incluyendo los medios electr\u00f3nicos a partir de la direcci\u00f3n <a href=\"http:\/\/hydroitalia.com\/\">https:\/\/www.hydroitalia.com<\/a> como p\u00e1gina inicial del web oficial de HYDRO ITALIA SRL. Esta pol\u00edtica s\u00f3lo se aplica al sitio HYDRO ITALIA SRL y no por otros sitios web a que se puede acceder a trav\u00e9s de un enlace.<\/p>\n<p><strong>Propietario del tratamiento<\/strong><br \/>\nA continuaci\u00f3n de la consulta de este sitio los datos personales pueden ser procesado. El propietario de su tratamiento es la HYDRO ITALIA SRL con sede en Via Torricelli 79 \u2013 Zona Industriale Fossatone &#8211; 40059 Medicina (BO).<\/p>\n<p><strong>Lugar de procesamiento de datos<\/strong><br \/>\nLos tratamientos tienen lugar en las oficinas de HYDRO ITALIA SRL. Se har\u00e1 \u00fanicamente por personal t\u00e9cnico encargado del tratamiento, o por personas que est\u00e1n expresamente mencionadas en el mantenimiento de vez en cuando. Los datos personales facilitados por los usuarios que env\u00edan solicitudes s\u00f3lo se utilizan para realizar el servicio o la prestaci\u00f3n solicitada y se revelar\u00e1n a terceros s\u00f3lo cuando sea necesario a tal fin.<\/p>\n<p><strong>Tipos de datos procesados<\/strong><\/p>\n<p><strong>A) Datos de navegaci\u00f3n<\/strong><br \/>\nLos sistemas inform\u00e1ticos y procedimientos software que se utilizan para el funcionamiento de este sitio web adquiren, durante su propria normal funci\u00f3n, algunos datos personales cuya transmisi\u00f3n est\u00e1 impl\u00edcita en el uso de los protocolos de comunicaci\u00f3n de Internet. Esta informaci\u00f3n no se recoge para ser asociadas a los sujetos identificados, pero por su propia naturaleza podr\u00eda, a trav\u00e9s de elaboraciones y asociaciones con datos pose\u00eddos por terceros, permitir la identificaci\u00f3n de los usuarios. Esta categor\u00eda de datos incluye las direcciones IP o los nombres de dominio de los ordenadores utilizados por los usuarios que se conectan al sitio, el m\u00e9todo utilizado para presentar la solicitud al servidor y otros par\u00e1metros relacionados con el sistema operativo y el abiente inform\u00e1tico del usuario. Estos datos se utilizan \u00fanicamente para obtener informaci\u00f3n estad\u00edstica an\u00f3nima sobre el uso del sitio y para comprobar el buen funcionamiento y se conservan s\u00f3lo para razones estad\u00edsticas. Los datos podr\u00edan ser utilizados para determinar la responsabilidad en caso de delitos inform\u00e1ticos contra el sitio.<\/p>\n<p><strong>B) Datos suministrados voluntariamente por el usuario<\/strong><br \/>\nEl env\u00edo facultativo, expl\u00edcito y voluntario de correo electr\u00f3nico a las direcciones indicadas sobre este sitio implica la siguiente adquisici\u00f3n de la direcci\u00f3n del remitente, necesaria para responder a las solicitudes, asimismo de cualquier otra informaci\u00f3n digitada en el momento del env\u00edo de la comunicaci\u00f3n electr\u00f3nica.<br \/>\n<strong><br \/>\nCookies<\/strong><br \/>\nLos datos personales del usuario se toman del sitio s\u00f3lo para la gesti\u00f3n t\u00e9cnica de las p\u00e1ginas HTML solicitadas por el usuario y para visualizar.<br \/>\nNo se hace uso de sistemas de trazado de los usuarios.<\/p>\n<p>No obligatoriedad de asignaci\u00f3n de datos<br \/>\nAparte cuanto especificado para los datos de navegaci\u00f3n, el usuario es libre de proporcionar los datos personales contenidos en los formularios de solicitud. Su ausencia puede hacer que sea imposible cumplir con la solicitud.<\/p>\n<p><strong>M\u00e9todos de tratamiento<\/strong><br \/>\nLos datos personales son procesados por medios automatizados para el tiempo estrechamente necesario para lograr los fines para los que fueron recogidos. Las medidas espec\u00edficas de seguridad se toman para prevenir la p\u00e9rdida de datos, mal uso o acceso indebido y no autorizado.<br \/>\n<strong><br \/>\nFinalidades<\/strong><br \/>\nLos datos se procesan para fines relacionados con la conducta de nuestro negocio y actividades de empresas controladas y\/o conectadas, en particular: suministro de servicios basados en la interfaz web; suministro de bienes y servicios, informaci\u00f3n comercial, actividad de marketing, actividades informativas, creaci\u00f3n de perfiles profesionales relativos a clientes o consumidores, investigaci\u00f3n cient\u00edfica, investigaci\u00f3n estad\u00edstica, investigaci\u00f3n de mercados.<\/p>\n<p><strong>Derechos de las partes interesadas<\/strong><br \/>\nLos sujetos a quien los datos personales se refieren tienen el derecho en cualquier momento para obtener la confirmaci\u00f3n de la existencia o no de los mismo datos y conocer el contenido y origen, verificar su exactitud o pedir su integraci\u00f3n o actualizaci\u00f3n, o correcci\u00f3n (art. 7 de la ley 196\/03).<br \/>\nSeg\u00fan el mismo art\u00edculo se tiene el derecho de solicitar la cancelaci\u00f3n, la transformaci\u00f3n en forma an\u00f3nima o el bloqueo de los datos tratados en violaci\u00f3n de la ley, y oponerse a cualquier caso, por motivos leg\u00edtimos, su tratamiento.<br \/>\nLas solicitudes deben ser enviadas a HYDRO ITALIA SRL.<\/p>\n\t\t\t\t\t<\/div>\n\t\t\t\t\t\t<\/div>\n\t\t\t\t<\/div>\n\t\t\t\t\t\t<\/div>\n\t\t\t\t\t<\/div>\n\t\t<\/div>\n\t\t\t\t\t\t\t\t<\/div>\n\t\t\t\t\t<\/div>\n\t\t<\/section>\n\t\t\t\t\t\t\t\t\t<\/div>\n\t\t\t<\/div>\n\t\t\t\t\t<\/div>\n\t\t","protected":false},"excerpt":{"rendered":"<p>Privacy e Cookie Policy Esta p\u00e1gina contiene informaci\u00f3n sobre el tratamiento de los datos personales de individuos que interact\u00faan con HYDRO ITALIA SRL. Este aviso se da conforme al art. 13 de la Ley 196\/03 (Ley de protecci\u00f3n de datos personales) a los usuarios que interact\u00faan con los servicios disponibles, incluyendo los medios electr\u00f3nicos a [&hellip;]<\/p>\n","protected":false},"author":1,"featured_media":0,"parent":0,"menu_order":0,"comment_status":"closed","ping_status":"closed","template":"","meta":[],"acf":[],"yoast_head":"<!-- This site is optimized with the Yoast SEO plugin v20.2.1 - https:\/\/yoast.com\/wordpress\/plugins\/seo\/ -->\n<title>Privacy e Cookies Policy - Hydro Italia<\/title>\n<meta name=\"description\" content=\"Privacy e Cookies Policy - Hydro Italia se especializa en el tratamiento de aguas industriales y lodos. Dise\u00f1o y construcci\u00f3n de sistemas con profesionalidad certificada.\" \/>\n<meta name=\"robots\" content=\"noindex, nofollow\" \/>\n<meta property=\"og:locale\" content=\"es_ES\" \/>\n<meta property=\"og:type\" content=\"article\" \/>\n<meta property=\"og:title\" content=\"Privacy e Cookies Policy - Hydro Italia\" \/>\n<meta property=\"og:description\" content=\"Privacy e Cookies Policy - Hydro Italia se especializa en el tratamiento de aguas industriales y lodos. Dise\u00f1o y construcci\u00f3n de sistemas con profesionalidad certificada.\" \/>\n<meta property=\"og:url\" content=\"https:\/\/www.hydroitalia.com\/es\/privacy-e-cookies-policy\/\" \/>\n<meta property=\"og:site_name\" content=\"Hydroitalia\" \/>\n<meta property=\"article:modified_time\" content=\"2021-02-22T14:21:31+00:00\" \/>\n<meta property=\"og:image\" content=\"https:\/\/www.hydroitalia.com\/wp-content\/uploads\/2020\/12\/hydroitalia_logo-in.jpg\" \/>\n\t<meta property=\"og:image:width\" content=\"1067\" \/>\n\t<meta property=\"og:image:height\" content=\"419\" \/>\n\t<meta property=\"og:image:type\" content=\"image\/jpeg\" \/>\n<meta name=\"twitter:card\" content=\"summary_large_image\" \/>\n<meta name=\"twitter:label1\" content=\"Tiempo de lectura\" \/>\n\t<meta name=\"twitter:data1\" content=\"4 minutos\" \/>\n<script type=\"application\/ld+json\" class=\"yoast-schema-graph\">{\"@context\":\"https:\/\/schema.org\",\"@graph\":[{\"@type\":\"WebPage\",\"@id\":\"https:\/\/www.hydroitalia.com\/es\/privacy-e-cookies-policy\/\",\"url\":\"https:\/\/www.hydroitalia.com\/es\/privacy-e-cookies-policy\/\",\"name\":\"Privacy e Cookies Policy - Hydro Italia\",\"isPartOf\":{\"@id\":\"https:\/\/www.hydroitalia.com\/#website\"},\"datePublished\":\"2021-02-19T11:49:28+00:00\",\"dateModified\":\"2021-02-22T14:21:31+00:00\",\"description\":\"Privacy e Cookies Policy - Hydro Italia se especializa en el tratamiento de aguas industriales y lodos. Dise\u00f1o y construcci\u00f3n de sistemas con profesionalidad certificada.\",\"breadcrumb\":{\"@id\":\"https:\/\/www.hydroitalia.com\/es\/privacy-e-cookies-policy\/#breadcrumb\"},\"inLanguage\":\"es\",\"potentialAction\":[{\"@type\":\"ReadAction\",\"target\":[\"https:\/\/www.hydroitalia.com\/es\/privacy-e-cookies-policy\/\"]}]},{\"@type\":\"BreadcrumbList\",\"@id\":\"https:\/\/www.hydroitalia.com\/es\/privacy-e-cookies-policy\/#breadcrumb\",\"itemListElement\":[{\"@type\":\"ListItem\",\"position\":1,\"name\":\"Home\",\"item\":\"https:\/\/www.hydroitalia.com\/es\/home\/\"},{\"@type\":\"ListItem\",\"position\":2,\"name\":\"Privacy e Cookies Policy\"}]},{\"@type\":\"WebSite\",\"@id\":\"https:\/\/www.hydroitalia.com\/#website\",\"url\":\"https:\/\/www.hydroitalia.com\/\",\"name\":\"Hydro Italia\",\"description\":\"Tecnologie acque e fanghi\",\"publisher\":{\"@id\":\"https:\/\/www.hydroitalia.com\/#organization\"},\"potentialAction\":[{\"@type\":\"SearchAction\",\"target\":{\"@type\":\"EntryPoint\",\"urlTemplate\":\"https:\/\/www.hydroitalia.com\/?s={search_term_string}\"},\"query-input\":\"required name=search_term_string\"}],\"inLanguage\":\"es\"},{\"@type\":\"Organization\",\"@id\":\"https:\/\/www.hydroitalia.com\/#organization\",\"name\":\"Hydro Italia Srl\",\"url\":\"https:\/\/www.hydroitalia.com\/\",\"logo\":{\"@type\":\"ImageObject\",\"inLanguage\":\"es\",\"@id\":\"https:\/\/www.hydroitalia.com\/#\/schema\/logo\/image\/\",\"url\":\"https:\/\/www.hydroitalia.com\/wp-content\/uploads\/2020\/12\/Asset-1@4x.png\",\"contentUrl\":\"https:\/\/www.hydroitalia.com\/wp-content\/uploads\/2020\/12\/Asset-1@4x.png\",\"width\":1914,\"height\":442,\"caption\":\"Hydro Italia Srl\"},\"image\":{\"@id\":\"https:\/\/www.hydroitalia.com\/#\/schema\/logo\/image\/\"}}]}<\/script>\n<!-- \/ Yoast SEO plugin. -->","yoast_head_json":{"title":"Privacy e Cookies Policy - Hydro Italia","description":"Privacy e Cookies Policy - Hydro Italia se especializa en el tratamiento de aguas industriales y lodos. Dise\u00f1o y construcci\u00f3n de sistemas con profesionalidad certificada.","robots":{"index":"noindex","follow":"nofollow"},"og_locale":"es_ES","og_type":"article","og_title":"Privacy e Cookies Policy - Hydro Italia","og_description":"Privacy e Cookies Policy - Hydro Italia se especializa en el tratamiento de aguas industriales y lodos. Dise\u00f1o y construcci\u00f3n de sistemas con profesionalidad certificada.","og_url":"https:\/\/www.hydroitalia.com\/es\/privacy-e-cookies-policy\/","og_site_name":"Hydroitalia","article_modified_time":"2021-02-22T14:21:31+00:00","og_image":[{"width":1067,"height":419,"url":"https:\/\/www.hydroitalia.com\/wp-content\/uploads\/2020\/12\/hydroitalia_logo-in.jpg","type":"image\/jpeg"}],"twitter_card":"summary_large_image","twitter_misc":{"Tiempo de lectura":"4 minutos"},"schema":{"@context":"https:\/\/schema.org","@graph":[{"@type":"WebPage","@id":"https:\/\/www.hydroitalia.com\/es\/privacy-e-cookies-policy\/","url":"https:\/\/www.hydroitalia.com\/es\/privacy-e-cookies-policy\/","name":"Privacy e Cookies Policy - Hydro Italia","isPartOf":{"@id":"https:\/\/www.hydroitalia.com\/#website"},"datePublished":"2021-02-19T11:49:28+00:00","dateModified":"2021-02-22T14:21:31+00:00","description":"Privacy e Cookies Policy - Hydro Italia se especializa en el tratamiento de aguas industriales y lodos. Dise\u00f1o y construcci\u00f3n de sistemas con profesionalidad certificada.","breadcrumb":{"@id":"https:\/\/www.hydroitalia.com\/es\/privacy-e-cookies-policy\/#breadcrumb"},"inLanguage":"es","potentialAction":[{"@type":"ReadAction","target":["https:\/\/www.hydroitalia.com\/es\/privacy-e-cookies-policy\/"]}]},{"@type":"BreadcrumbList","@id":"https:\/\/www.hydroitalia.com\/es\/privacy-e-cookies-policy\/#breadcrumb","itemListElement":[{"@type":"ListItem","position":1,"name":"Home","item":"https:\/\/www.hydroitalia.com\/es\/home\/"},{"@type":"ListItem","position":2,"name":"Privacy e Cookies Policy"}]},{"@type":"WebSite","@id":"https:\/\/www.hydroitalia.com\/#website","url":"https:\/\/www.hydroitalia.com\/","name":"Hydro Italia","description":"Tecnologie acque e fanghi","publisher":{"@id":"https:\/\/www.hydroitalia.com\/#organization"},"potentialAction":[{"@type":"SearchAction","target":{"@type":"EntryPoint","urlTemplate":"https:\/\/www.hydroitalia.com\/?s={search_term_string}"},"query-input":"required name=search_term_string"}],"inLanguage":"es"},{"@type":"Organization","@id":"https:\/\/www.hydroitalia.com\/#organization","name":"Hydro Italia Srl","url":"https:\/\/www.hydroitalia.com\/","logo":{"@type":"ImageObject","inLanguage":"es","@id":"https:\/\/www.hydroitalia.com\/#\/schema\/logo\/image\/","url":"https:\/\/www.hydroitalia.com\/wp-content\/uploads\/2020\/12\/Asset-1@4x.png","contentUrl":"https:\/\/www.hydroitalia.com\/wp-content\/uploads\/2020\/12\/Asset-1@4x.png","width":1914,"height":442,"caption":"Hydro Italia Srl"},"image":{"@id":"https:\/\/www.hydroitalia.com\/#\/schema\/logo\/image\/"}}]}},"_links":{"self":[{"href":"https:\/\/www.hydroitalia.com\/es\/wp-json\/wp\/v2\/pages\/6941"}],"collection":[{"href":"https:\/\/www.hydroitalia.com\/es\/wp-json\/wp\/v2\/pages"}],"about":[{"href":"https:\/\/www.hydroitalia.com\/es\/wp-json\/wp\/v2\/types\/page"}],"author":[{"embeddable":true,"href":"https:\/\/www.hydroitalia.com\/es\/wp-json\/wp\/v2\/users\/1"}],"replies":[{"embeddable":true,"href":"https:\/\/www.hydroitalia.com\/es\/wp-json\/wp\/v2\/comments?post=6941"}],"version-history":[{"count":5,"href":"https:\/\/www.hydroitalia.com\/es\/wp-json\/wp\/v2\/pages\/6941\/revisions"}],"predecessor-version":[{"id":6983,"href":"https:\/\/www.hydroitalia.com\/es\/wp-json\/wp\/v2\/pages\/6941\/revisions\/6983"}],"wp:attachment":[{"href":"https:\/\/www.hydroitalia.com\/es\/wp-json\/wp\/v2\/media?parent=6941"}],"curies":[{"name":"wp","href":"https:\/\/api.w.org\/{rel}","templated":true}]}}