{"id":5346,"date":"2020-12-09T14:00:12","date_gmt":"2020-12-09T14:00:12","guid":{"rendered":"http:\/\/hydroitalia.com\/empresa\/perfil-de-la-empresa\/"},"modified":"2024-03-26T22:32:21","modified_gmt":"2024-03-26T22:32:21","slug":"perfil-de-la-empresa","status":"publish","type":"page","link":"https:\/\/www.hydroitalia.com\/es\/empresa\/perfil-de-la-empresa\/","title":{"rendered":"Perfil de la empresa"},"content":{"rendered":"\t\t<div data-elementor-type=\"wp-page\" data-elementor-id=\"5346\" class=\"elementor elementor-5346 elementor-65\">\n\t\t\t\t\t\t<div class=\"elementor-inner\">\n\t\t\t\t<div class=\"elementor-section-wrap\">\n\t\t\t\t\t\t\t\t\t<section class=\"elementor-section elementor-top-section elementor-element elementor-element-2c00848 elementor-section-height-min-height elementor-section-boxed elementor-section-height-default elementor-section-items-middle\" data-id=\"2c00848\" data-element_type=\"section\" data-settings=\"{&quot;background_background&quot;:&quot;video&quot;,&quot;background_video_link&quot;:&quot;https:\\\/\\\/youtu.be\\\/Ep-VGg_-ct8&quot;}\">\n\t\t\t\t\t\t\t\t<div class=\"elementor-background-video-container elementor-hidden-phone\">\n\t\t\t\t\t\t\t\t\t\t\t\t\t<div class=\"elementor-background-video-embed\"><\/div>\n\t\t\t\t\t\t\t\t\t\t\t\t<\/div>\n\t\t\t\t\t\t\t\t\t<div class=\"elementor-background-overlay\"><\/div>\n\t\t\t\t\t\t\t<div class=\"elementor-container elementor-column-gap-default\">\n\t\t\t\t\t\t\t<div class=\"elementor-row\">\n\t\t\t\t\t<div class=\"elementor-column elementor-col-100 elementor-top-column elementor-element elementor-element-d886056\" data-id=\"d886056\" data-element_type=\"column\">\n\t\t\t<div class=\"elementor-column-wrap elementor-element-populated\">\n\t\t\t\t\t\t\t<div class=\"elementor-widget-wrap\">\n\t\t\t\t\t\t<div class=\"elementor-element elementor-element-827ac2e elementor-widget elementor-widget-heading\" data-id=\"827ac2e\" data-element_type=\"widget\" data-widget_type=\"heading.default\">\n\t\t\t\t<div class=\"elementor-widget-container\">\n\t\t\t<h1 class=\"elementor-heading-title elementor-size-default\">Perfil de la empresa<\/h1>\t\t<\/div>\n\t\t\t\t<\/div>\n\t\t\t\t\t\t<\/div>\n\t\t\t\t\t<\/div>\n\t\t<\/div>\n\t\t\t\t\t\t\t\t<\/div>\n\t\t\t\t\t<\/div>\n\t\t<\/section>\n\t\t\t\t<section class=\"elementor-section elementor-top-section elementor-element elementor-element-18317e3 elementor-section-full_width elementor-section-height-default elementor-section-height-default\" data-id=\"18317e3\" data-element_type=\"section\">\n\t\t\t\t\t\t<div class=\"elementor-container elementor-column-gap-default\">\n\t\t\t\t\t\t\t<div class=\"elementor-row\">\n\t\t\t\t\t<div class=\"elementor-column elementor-col-50 elementor-top-column elementor-element elementor-element-c4be0f9 elementor-hidden-phone\" data-id=\"c4be0f9\" data-element_type=\"column\" data-settings=\"{&quot;background_background&quot;:&quot;classic&quot;}\">\n\t\t\t<div class=\"elementor-column-wrap elementor-element-populated\">\n\t\t\t\t\t\t\t<div class=\"elementor-widget-wrap\">\n\t\t\t\t\t\t<div class=\"elementor-element elementor-element-159c079 elementor-widget elementor-widget-spacer\" data-id=\"159c079\" data-element_type=\"widget\" data-widget_type=\"spacer.default\">\n\t\t\t\t<div class=\"elementor-widget-container\">\n\t\t\t\t\t<div class=\"elementor-spacer\">\n\t\t\t<div class=\"elementor-spacer-inner\"><\/div>\n\t\t<\/div>\n\t\t\t\t<\/div>\n\t\t\t\t<\/div>\n\t\t\t\t\t\t<\/div>\n\t\t\t\t\t<\/div>\n\t\t<\/div>\n\t\t\t\t<div class=\"elementor-column elementor-col-50 elementor-top-column elementor-element elementor-element-104d858\" data-id=\"104d858\" data-element_type=\"column\" data-settings=\"{&quot;background_background&quot;:&quot;classic&quot;}\">\n\t\t\t<div class=\"elementor-column-wrap elementor-element-populated\">\n\t\t\t\t\t\t\t<div class=\"elementor-widget-wrap\">\n\t\t\t\t\t\t<div class=\"elementor-element elementor-element-672546f elementor-widget elementor-widget-heading\" data-id=\"672546f\" data-element_type=\"widget\" data-widget_type=\"heading.default\">\n\t\t\t\t<div class=\"elementor-widget-container\">\n\t\t\t<h2 class=\"elementor-heading-title elementor-size-default\">Empresa<\/h2>\t\t<\/div>\n\t\t\t\t<\/div>\n\t\t\t\t<div class=\"elementor-element elementor-element-323f65d elementor-widget elementor-widget-text-editor\" data-id=\"323f65d\" data-element_type=\"widget\" data-widget_type=\"text-editor.default\">\n\t\t\t\t<div class=\"elementor-widget-container\">\n\t\t\t\t\t\t\t\t<div class=\"elementor-text-editor elementor-clearfix\">\n\t\t\t\t<p><span data-sheets-value=\"{&quot;1&quot;:2,&quot;2&quot;:&quot;HYDRO ITALIA obra en el sector del tratamiento aguas desde hace m\u00e1s de veinte a\u00f1os desarollando una experiencia cada vez mayor gracias a la cual colabora con las m\u00e1s importantes empresas de ingenier\u00eda industrial en todo el mundo.\\nHasta hoy se han instalado sistemas en los siguientes pa\u00edses: Italia, Francia, Espa\u00f1a, Portugal, Turqu\u00eda, Rusia, Corea, Eslovenia, Rep\u00fablica Checa, Eslovaquia, Polonia, Reino Unido, Siria, Estados Unidos, China, Ir\u00e1n, Argentina, Brasil, India, Tailandia, Rumania y Sud\u00e1frica.\\n\\nDesde el principio, por precisa elecci\u00f3n de los miembros fundadores, la actividad se ha desarollado seg\u00fan dos directrices principales estrechamente correlatas, installaciones y productos espec\u00edficos, persiguiendo un objectivo: limitar el consumo de agua reduciendo los contaminantes. Filosof\u00eda incialmente apreciada por algunos operadores del sector pero que en los \u00faltimos a\u00f1os se ha consolidado hasta constituir hoy los requisitos fundamentales.&quot;}\" data-sheets-userformat=\"{&quot;2&quot;:10625,&quot;3&quot;:{&quot;1&quot;:0,&quot;3&quot;:1},&quot;10&quot;:0,&quot;11&quot;:4,&quot;14&quot;:{&quot;1&quot;:3,&quot;3&quot;:1},&quot;16&quot;:11}\"><strong>HYDRO ITALIA<\/strong> opera en el sector del <strong>tratamiento de aguas<\/strong> desde hace m\u00e1s de treinta a\u00f1os, adquiriendo una experiencia cada vez mayor gracias a la cual colabora con las m\u00e1s importantes empresas de ingenier\u00eda de plantas a nivel mundial.<br \/>\n<\/span><\/p>\n<p><span data-sheets-value=\"{&quot;1&quot;:2,&quot;2&quot;:&quot;HYDRO ITALIA obra en el sector del tratamiento aguas desde hace m\u00e1s de veinte a\u00f1os desarollando una experiencia cada vez mayor gracias a la cual colabora con las m\u00e1s importantes empresas de ingenier\u00eda industrial en todo el mundo.\\nHasta hoy se han instalado sistemas en los siguientes pa\u00edses: Italia, Francia, Espa\u00f1a, Portugal, Turqu\u00eda, Rusia, Corea, Eslovenia, Rep\u00fablica Checa, Eslovaquia, Polonia, Reino Unido, Siria, Estados Unidos, China, Ir\u00e1n, Argentina, Brasil, India, Tailandia, Rumania y Sud\u00e1frica.\\n\\nDesde el principio, por precisa elecci\u00f3n de los miembros fundadores, la actividad se ha desarollado seg\u00fan dos directrices principales estrechamente correlatas, installaciones y productos espec\u00edficos, persiguiendo un objectivo: limitar el consumo de agua reduciendo los contaminantes. Filosof\u00eda incialmente apreciada por algunos operadores del sector pero que en los \u00faltimos a\u00f1os se ha consolidado hasta constituir hoy los requisitos fundamentales.&quot;}\" data-sheets-userformat=\"{&quot;2&quot;:10625,&quot;3&quot;:{&quot;1&quot;:0,&quot;3&quot;:1},&quot;10&quot;:0,&quot;11&quot;:4,&quot;14&quot;:{&quot;1&quot;:3,&quot;3&quot;:1},&quot;16&quot;:11}\"><br \/>\nHasta hoy se han instalado sistemas en los siguientes pa\u00edses: Italia, Francia, Espa\u00f1a, Portugal, Turqu\u00eda, Rusia, Corea, Eslovenia, Rep\u00fablica Checa, Eslovaquia, Polonia, Reino Unido, Siria, Estados Unidos, China, Ir\u00e1n, Argentina, Brasil, India, Tailandia, Rumania y Sud\u00e1frica.<\/span><\/p>\n<p>Desde el principio, por precisa elecci\u00f3n de los miembros fundadores, la actividad se ha desarollado seg\u00fan dos directrices principales estrechamente correlatas, installaciones y productos espec\u00edficos, persiguiendo un objectivo: <strong>limitar el consumo de agua reduciendo los contaminantes<\/strong>. Filosof\u00eda incialmente apreciada por algunos operadores del sector pero que en los \u00faltimos a\u00f1os se ha consolidado hasta constituir hoy los requisitos fundamentales.<\/p>\n\t\t\t\t\t<\/div>\n\t\t\t\t\t\t<\/div>\n\t\t\t\t<\/div>\n\t\t\t\t\t\t<\/div>\n\t\t\t\t\t<\/div>\n\t\t<\/div>\n\t\t\t\t\t\t\t\t<\/div>\n\t\t\t\t\t<\/div>\n\t\t<\/section>\n\t\t\t\t<section class=\"elementor-section elementor-top-section elementor-element elementor-element-ace8217 elementor-section-full_width elementor-reverse-mobile elementor-reverse-tablet elementor-section-height-default elementor-section-height-default\" data-id=\"ace8217\" data-element_type=\"section\">\n\t\t\t\t\t\t<div class=\"elementor-container elementor-column-gap-default\">\n\t\t\t\t\t\t\t<div class=\"elementor-row\">\n\t\t\t\t\t<div class=\"elementor-column elementor-col-50 elementor-top-column elementor-element elementor-element-fc97693\" data-id=\"fc97693\" data-element_type=\"column\" data-settings=\"{&quot;background_background&quot;:&quot;classic&quot;}\">\n\t\t\t<div class=\"elementor-column-wrap elementor-element-populated\">\n\t\t\t\t\t\t\t<div class=\"elementor-widget-wrap\">\n\t\t\t\t\t\t<div class=\"elementor-element elementor-element-1f4606c elementor-widget elementor-widget-heading\" data-id=\"1f4606c\" data-element_type=\"widget\" data-widget_type=\"heading.default\">\n\t\t\t\t<div class=\"elementor-widget-container\">\n\t\t\t<h2 class=\"elementor-heading-title elementor-size-default\">Leader<\/h2>\t\t<\/div>\n\t\t\t\t<\/div>\n\t\t\t\t<div class=\"elementor-element elementor-element-755c373 elementor-widget elementor-widget-text-editor\" data-id=\"755c373\" data-element_type=\"widget\" data-widget_type=\"text-editor.default\">\n\t\t\t\t<div class=\"elementor-widget-container\">\n\t\t\t\t\t\t\t\t<div class=\"elementor-text-editor elementor-clearfix\">\n\t\t\t\t<p><span data-sheets-value=\"{&quot;1&quot;:2,&quot;2&quot;:&quot;La alta profesionalidad de los empleados, junta con su inter\u00e9s en la protecci\u00f3n del medio ambiente, ha permitido colocar a la empresa en la cumbre del sector del tratamiento y reciclaje de las agua en general. Al aumentar las dimensiones de la empresa ha correspuesto un interes mayor de la Clientela para problemas \u201cglobales\u201d en el sector de tratamiento de aguas encaminando as\u00ed la empresa hacia una m\u00e1s completa pol\u00edtica del agua.&quot;}\" data-sheets-userformat=\"{&quot;2&quot;:10625,&quot;3&quot;:{&quot;1&quot;:0,&quot;3&quot;:1},&quot;10&quot;:0,&quot;11&quot;:4,&quot;14&quot;:{&quot;1&quot;:3,&quot;3&quot;:1},&quot;16&quot;:11}\">La alta profesionalidad de los empleados, junta con su inter\u00e9s en la protecci\u00f3n del medio ambiente, ha permitido<strong> colocar a la empresa en la cumbre del sector del tratamiento y reciclaje de las agua e<\/strong>n general. <\/span><\/p>\n<p><span data-sheets-value=\"{&quot;1&quot;:2,&quot;2&quot;:&quot;La alta profesionalidad de los empleados, junta con su inter\u00e9s en la protecci\u00f3n del medio ambiente, ha permitido colocar a la empresa en la cumbre del sector del tratamiento y reciclaje de las agua en general. Al aumentar las dimensiones de la empresa ha correspuesto un interes mayor de la Clientela para problemas \u201cglobales\u201d en el sector de tratamiento de aguas encaminando as\u00ed la empresa hacia una m\u00e1s completa pol\u00edtica del agua.&quot;}\" data-sheets-userformat=\"{&quot;2&quot;:10625,&quot;3&quot;:{&quot;1&quot;:0,&quot;3&quot;:1},&quot;10&quot;:0,&quot;11&quot;:4,&quot;14&quot;:{&quot;1&quot;:3,&quot;3&quot;:1},&quot;16&quot;:11}\">Al aumentar las dimensiones de la empresa ha correspuesto un interes mayor de la Clientela para problemas \u201cglobales\u201d en el sector de tratamiento de aguas encaminando as\u00ed la empresa hacia una m\u00e1s completa pol\u00edtica del agua.<\/span><\/p>\n\t\t\t\t\t<\/div>\n\t\t\t\t\t\t<\/div>\n\t\t\t\t<\/div>\n\t\t\t\t\t\t<\/div>\n\t\t\t\t\t<\/div>\n\t\t<\/div>\n\t\t\t\t<div class=\"elementor-column elementor-col-50 elementor-top-column elementor-element elementor-element-75d2a82\" data-id=\"75d2a82\" data-element_type=\"column\" data-settings=\"{&quot;background_background&quot;:&quot;classic&quot;}\">\n\t\t\t<div class=\"elementor-column-wrap elementor-element-populated\">\n\t\t\t\t\t\t\t<div class=\"elementor-widget-wrap\">\n\t\t\t\t\t\t<div class=\"elementor-element elementor-element-12afb39 elementor-widget elementor-widget-spacer\" data-id=\"12afb39\" data-element_type=\"widget\" data-widget_type=\"spacer.default\">\n\t\t\t\t<div class=\"elementor-widget-container\">\n\t\t\t\t\t<div class=\"elementor-spacer\">\n\t\t\t<div class=\"elementor-spacer-inner\"><\/div>\n\t\t<\/div>\n\t\t\t\t<\/div>\n\t\t\t\t<\/div>\n\t\t\t\t\t\t<\/div>\n\t\t\t\t\t<\/div>\n\t\t<\/div>\n\t\t\t\t\t\t\t\t<\/div>\n\t\t\t\t\t<\/div>\n\t\t<\/section>\n\t\t\t\t<section class=\"elementor-section elementor-top-section elementor-element elementor-element-c7473f6 elementor-section-full_width elementor-section-height-default elementor-section-height-default\" data-id=\"c7473f6\" data-element_type=\"section\">\n\t\t\t\t\t\t<div class=\"elementor-container elementor-column-gap-default\">\n\t\t\t\t\t\t\t<div class=\"elementor-row\">\n\t\t\t\t\t<div class=\"elementor-column elementor-col-50 elementor-top-column elementor-element elementor-element-e4433ca\" data-id=\"e4433ca\" data-element_type=\"column\" data-settings=\"{&quot;background_background&quot;:&quot;classic&quot;}\">\n\t\t\t<div class=\"elementor-column-wrap elementor-element-populated\">\n\t\t\t\t\t\t\t<div class=\"elementor-widget-wrap\">\n\t\t\t\t\t\t<div class=\"elementor-element elementor-element-abbc571 elementor-widget elementor-widget-spacer\" data-id=\"abbc571\" data-element_type=\"widget\" data-widget_type=\"spacer.default\">\n\t\t\t\t<div class=\"elementor-widget-container\">\n\t\t\t\t\t<div class=\"elementor-spacer\">\n\t\t\t<div class=\"elementor-spacer-inner\"><\/div>\n\t\t<\/div>\n\t\t\t\t<\/div>\n\t\t\t\t<\/div>\n\t\t\t\t\t\t<\/div>\n\t\t\t\t\t<\/div>\n\t\t<\/div>\n\t\t\t\t<div class=\"elementor-column elementor-col-50 elementor-top-column elementor-element elementor-element-19c134a\" data-id=\"19c134a\" data-element_type=\"column\" data-settings=\"{&quot;background_background&quot;:&quot;classic&quot;}\">\n\t\t\t<div class=\"elementor-column-wrap elementor-element-populated\">\n\t\t\t\t\t\t\t<div class=\"elementor-widget-wrap\">\n\t\t\t\t\t\t<div class=\"elementor-element elementor-element-eecfa0e elementor-widget elementor-widget-heading\" data-id=\"eecfa0e\" data-element_type=\"widget\" data-widget_type=\"heading.default\">\n\t\t\t\t<div class=\"elementor-widget-container\">\n\t\t\t<h2 class=\"elementor-heading-title elementor-size-default\">Nuestros sectores<\/h2>\t\t<\/div>\n\t\t\t\t<\/div>\n\t\t\t\t<div class=\"elementor-element elementor-element-afada6f elementor-widget elementor-widget-text-editor\" data-id=\"afada6f\" data-element_type=\"widget\" data-widget_type=\"text-editor.default\">\n\t\t\t\t<div class=\"elementor-widget-container\">\n\t\t\t\t\t\t\t\t<div class=\"elementor-text-editor elementor-clearfix\">\n\t\t\t\t<p>Con la ayuda de expertos con a\u00f1os de experiencia en el sector, la HYDRO ITALIA ha empezado<strong class=\"userFormat1\"> el dise\u00f1o, construcci\u00f3n e instalaci\u00f3n de equipos e instalaciones en los siguientes sectores::<\/strong><\/p>\n<h5 class=\"viewSottotitolo\"><span style=\"color: #000000; font-size: 22px;\">Industrial<\/span><\/h5>\n<div class=\"viewLineBreak\"><\/div>\n<ol class=\"viewOL BLOBListSymbolCustom1\">\n<li class=\"viewLI BLOBAlignLeft\">T<strong>ratamientos previos y tratamientos de agua de proceso<\/strong> con cada tipo de tecnolog\u00eda (<strong>resinas intercambio i\u00f3nico, f\u00edsico-qu\u00edmicos, flotaci\u00f3n, separaci\u00f3n de aceite, evaporaci\u00f3n, \u00f3smosis<\/strong> etc.).<\/li>\n<li class=\"viewLI BLOBAlignLeft\">\u00a0Tratamiento final a la descarga utilizando las tecnolog\u00edas m\u00e1s id\u00f3neas de abatimiento para la <strong>reutilizaci\u00f3n de los contaminantes<\/strong> despu\u00e9s de su acondicionamiento.<\/li>\n<\/ol>\n<div class=\"viewLineBreak\"><\/div>\n<h4 class=\"viewSottotitolo\"><span style=\"color: #000000; font-size: 22px;\">Civile<\/span><\/h4>\n<div class=\"viewLineBreak\"><\/div>\n<ol class=\"viewOL BLOBListSymbolCustom1\">\n<li class=\"viewLI BLOBAlignLeft\">Tratamientos de <strong>potabilizaci\u00f3n, filtraci\u00f3n, desferrificaci\u00f3n, desmanganizaci\u00f3n, ablandamiento, desmineralizaci\u00f3n, microfiltraci\u00f3n, ultrafiltraci\u00f3n, \u00f3smosis inversa.<\/strong><\/li>\n<li class=\"viewLI BLOBAlignLeft\"><strong>Tratamiento biol\u00f3gico de aguas residuales<\/strong> de cada proveniencia.<\/li>\n<\/ol>\n<div class=\"viewPar BLOBAlignLeft\">Hasta hoy Hydro Italia, todav\u00eda en evoluci\u00f3n, cuenta con un personal interno para garantizar, antes del suministro de las instalaciones \u00abllave en mano\u00bb la gesti\u00f3n completa de un servicio de asistencia post-venta, proporcionando al cliente un <strong>laboratorio qu\u00edmico,<\/strong> los veh\u00edculos equipados y personal especializado para garantizar una intervenci\u00f3n r\u00e1pida.<\/div>\n<div><\/div>\n<div class=\"viewPar BLOBAlignLeft\">En un resumen HYDRO ITALIA es capaz de proporcionar la <strong>asistencia<\/strong>, <strong>productos, equipos<\/strong> de alta tecnolog\u00eda para el <strong>tratamiento del agua<\/strong> que satisfagan plenamente las necesidades espec\u00edficas de cada Cliente.<\/div>\n\t\t\t\t\t<\/div>\n\t\t\t\t\t\t<\/div>\n\t\t\t\t<\/div>\n\t\t\t\t\t\t<\/div>\n\t\t\t\t\t<\/div>\n\t\t<\/div>\n\t\t\t\t\t\t\t\t<\/div>\n\t\t\t\t\t<\/div>\n\t\t<\/section>\n\t\t\t\t\t\t\t\t\t<\/div>\n\t\t\t<\/div>\n\t\t\t\t\t<\/div>\n\t\t","protected":false},"excerpt":{"rendered":"<p>Perfil de la empresa Empresa HYDRO ITALIA opera en el sector del tratamiento de aguas desde hace m\u00e1s de treinta a\u00f1os, adquiriendo una experiencia cada vez mayor gracias a la cual colabora con las m\u00e1s importantes empresas de ingenier\u00eda de plantas a nivel mundial. Hasta hoy se han instalado sistemas en los siguientes pa\u00edses: Italia, [&hellip;]<\/p>\n","protected":false},"author":2,"featured_media":0,"parent":5050,"menu_order":26,"comment_status":"closed","ping_status":"closed","template":"elementor_header_footer","meta":[],"acf":[],"yoast_head":"<!-- This site is optimized with the Yoast SEO plugin v20.2.1 - https:\/\/yoast.com\/wordpress\/plugins\/seo\/ -->\n<title>Perfil de la empresa - Hydro Italia<\/title>\n<meta name=\"description\" content=\"Perfil de la empresa - Hydro Italia se especializa en el tratamiento de aguas industriales y lodos. Dise\u00f1o y construcci\u00f3n de sistemas con profesionalidad certificada.\" \/>\n<meta name=\"robots\" content=\"index, follow, max-snippet:-1, max-image-preview:large, max-video-preview:-1\" \/>\n<link rel=\"canonical\" href=\"https:\/\/www.hydroitalia.com\/es\/empresa\/perfil-de-la-empresa\/\" \/>\n<meta property=\"og:locale\" content=\"es_ES\" \/>\n<meta property=\"og:type\" content=\"article\" \/>\n<meta property=\"og:title\" content=\"Perfil de la empresa - Hydro Italia\" \/>\n<meta property=\"og:description\" content=\"Perfil de la empresa - Hydro Italia se especializa en el tratamiento de aguas industriales y lodos. Dise\u00f1o y construcci\u00f3n de sistemas con profesionalidad certificada.\" \/>\n<meta property=\"og:url\" content=\"https:\/\/www.hydroitalia.com\/es\/empresa\/perfil-de-la-empresa\/\" \/>\n<meta property=\"og:site_name\" content=\"Hydroitalia\" \/>\n<meta property=\"article:modified_time\" content=\"2024-03-26T22:32:21+00:00\" \/>\n<meta property=\"og:image\" content=\"https:\/\/www.hydroitalia.com\/wp-content\/uploads\/2020\/12\/hydroitalia_logo-in.jpg\" \/>\n\t<meta property=\"og:image:width\" content=\"1067\" \/>\n\t<meta property=\"og:image:height\" content=\"419\" \/>\n\t<meta property=\"og:image:type\" content=\"image\/jpeg\" \/>\n<meta name=\"twitter:card\" content=\"summary_large_image\" \/>\n<meta name=\"twitter:label1\" content=\"Tiempo de lectura\" \/>\n\t<meta name=\"twitter:data1\" content=\"2 minutos\" \/>\n<script type=\"application\/ld+json\" class=\"yoast-schema-graph\">{\"@context\":\"https:\/\/schema.org\",\"@graph\":[{\"@type\":\"WebPage\",\"@id\":\"https:\/\/www.hydroitalia.com\/es\/empresa\/perfil-de-la-empresa\/\",\"url\":\"https:\/\/www.hydroitalia.com\/es\/empresa\/perfil-de-la-empresa\/\",\"name\":\"Perfil de la empresa - Hydro Italia\",\"isPartOf\":{\"@id\":\"https:\/\/www.hydroitalia.com\/#website\"},\"datePublished\":\"2020-12-09T14:00:12+00:00\",\"dateModified\":\"2024-03-26T22:32:21+00:00\",\"description\":\"Perfil de la empresa - Hydro Italia se especializa en el tratamiento de aguas industriales y lodos. Dise\u00f1o y construcci\u00f3n de sistemas con profesionalidad certificada.\",\"breadcrumb\":{\"@id\":\"https:\/\/www.hydroitalia.com\/es\/empresa\/perfil-de-la-empresa\/#breadcrumb\"},\"inLanguage\":\"es\",\"potentialAction\":[{\"@type\":\"ReadAction\",\"target\":[\"https:\/\/www.hydroitalia.com\/es\/empresa\/perfil-de-la-empresa\/\"]}]},{\"@type\":\"BreadcrumbList\",\"@id\":\"https:\/\/www.hydroitalia.com\/es\/empresa\/perfil-de-la-empresa\/#breadcrumb\",\"itemListElement\":[{\"@type\":\"ListItem\",\"position\":1,\"name\":\"Home\",\"item\":\"https:\/\/www.hydroitalia.com\/es\/home\/\"},{\"@type\":\"ListItem\",\"position\":2,\"name\":\"EMPRESA\",\"item\":\"https:\/\/www.hydroitalia.com\/es\/empresa\/\"},{\"@type\":\"ListItem\",\"position\":3,\"name\":\"Perfil de la empresa\"}]},{\"@type\":\"WebSite\",\"@id\":\"https:\/\/www.hydroitalia.com\/#website\",\"url\":\"https:\/\/www.hydroitalia.com\/\",\"name\":\"Hydro Italia\",\"description\":\"Tecnologie acque e fanghi\",\"publisher\":{\"@id\":\"https:\/\/www.hydroitalia.com\/#organization\"},\"potentialAction\":[{\"@type\":\"SearchAction\",\"target\":{\"@type\":\"EntryPoint\",\"urlTemplate\":\"https:\/\/www.hydroitalia.com\/?s={search_term_string}\"},\"query-input\":\"required name=search_term_string\"}],\"inLanguage\":\"es\"},{\"@type\":\"Organization\",\"@id\":\"https:\/\/www.hydroitalia.com\/#organization\",\"name\":\"Hydro Italia Srl\",\"url\":\"https:\/\/www.hydroitalia.com\/\",\"logo\":{\"@type\":\"ImageObject\",\"inLanguage\":\"es\",\"@id\":\"https:\/\/www.hydroitalia.com\/#\/schema\/logo\/image\/\",\"url\":\"https:\/\/www.hydroitalia.com\/wp-content\/uploads\/2020\/12\/Asset-1@4x.png\",\"contentUrl\":\"https:\/\/www.hydroitalia.com\/wp-content\/uploads\/2020\/12\/Asset-1@4x.png\",\"width\":1914,\"height\":442,\"caption\":\"Hydro Italia Srl\"},\"image\":{\"@id\":\"https:\/\/www.hydroitalia.com\/#\/schema\/logo\/image\/\"}}]}<\/script>\n<!-- \/ Yoast SEO plugin. -->","yoast_head_json":{"title":"Perfil de la empresa - Hydro Italia","description":"Perfil de la empresa - Hydro Italia se especializa en el tratamiento de aguas industriales y lodos. Dise\u00f1o y construcci\u00f3n de sistemas con profesionalidad certificada.","robots":{"index":"index","follow":"follow","max-snippet":"max-snippet:-1","max-image-preview":"max-image-preview:large","max-video-preview":"max-video-preview:-1"},"canonical":"https:\/\/www.hydroitalia.com\/es\/empresa\/perfil-de-la-empresa\/","og_locale":"es_ES","og_type":"article","og_title":"Perfil de la empresa - Hydro Italia","og_description":"Perfil de la empresa - Hydro Italia se especializa en el tratamiento de aguas industriales y lodos. Dise\u00f1o y construcci\u00f3n de sistemas con profesionalidad certificada.","og_url":"https:\/\/www.hydroitalia.com\/es\/empresa\/perfil-de-la-empresa\/","og_site_name":"Hydroitalia","article_modified_time":"2024-03-26T22:32:21+00:00","og_image":[{"width":1067,"height":419,"url":"https:\/\/www.hydroitalia.com\/wp-content\/uploads\/2020\/12\/hydroitalia_logo-in.jpg","type":"image\/jpeg"}],"twitter_card":"summary_large_image","twitter_misc":{"Tiempo de lectura":"2 minutos"},"schema":{"@context":"https:\/\/schema.org","@graph":[{"@type":"WebPage","@id":"https:\/\/www.hydroitalia.com\/es\/empresa\/perfil-de-la-empresa\/","url":"https:\/\/www.hydroitalia.com\/es\/empresa\/perfil-de-la-empresa\/","name":"Perfil de la empresa - Hydro Italia","isPartOf":{"@id":"https:\/\/www.hydroitalia.com\/#website"},"datePublished":"2020-12-09T14:00:12+00:00","dateModified":"2024-03-26T22:32:21+00:00","description":"Perfil de la empresa - Hydro Italia se especializa en el tratamiento de aguas industriales y lodos. Dise\u00f1o y construcci\u00f3n de sistemas con profesionalidad certificada.","breadcrumb":{"@id":"https:\/\/www.hydroitalia.com\/es\/empresa\/perfil-de-la-empresa\/#breadcrumb"},"inLanguage":"es","potentialAction":[{"@type":"ReadAction","target":["https:\/\/www.hydroitalia.com\/es\/empresa\/perfil-de-la-empresa\/"]}]},{"@type":"BreadcrumbList","@id":"https:\/\/www.hydroitalia.com\/es\/empresa\/perfil-de-la-empresa\/#breadcrumb","itemListElement":[{"@type":"ListItem","position":1,"name":"Home","item":"https:\/\/www.hydroitalia.com\/es\/home\/"},{"@type":"ListItem","position":2,"name":"EMPRESA","item":"https:\/\/www.hydroitalia.com\/es\/empresa\/"},{"@type":"ListItem","position":3,"name":"Perfil de la empresa"}]},{"@type":"WebSite","@id":"https:\/\/www.hydroitalia.com\/#website","url":"https:\/\/www.hydroitalia.com\/","name":"Hydro Italia","description":"Tecnologie acque e fanghi","publisher":{"@id":"https:\/\/www.hydroitalia.com\/#organization"},"potentialAction":[{"@type":"SearchAction","target":{"@type":"EntryPoint","urlTemplate":"https:\/\/www.hydroitalia.com\/?s={search_term_string}"},"query-input":"required name=search_term_string"}],"inLanguage":"es"},{"@type":"Organization","@id":"https:\/\/www.hydroitalia.com\/#organization","name":"Hydro Italia Srl","url":"https:\/\/www.hydroitalia.com\/","logo":{"@type":"ImageObject","inLanguage":"es","@id":"https:\/\/www.hydroitalia.com\/#\/schema\/logo\/image\/","url":"https:\/\/www.hydroitalia.com\/wp-content\/uploads\/2020\/12\/Asset-1@4x.png","contentUrl":"https:\/\/www.hydroitalia.com\/wp-content\/uploads\/2020\/12\/Asset-1@4x.png","width":1914,"height":442,"caption":"Hydro Italia Srl"},"image":{"@id":"https:\/\/www.hydroitalia.com\/#\/schema\/logo\/image\/"}}]}},"_links":{"self":[{"href":"https:\/\/www.hydroitalia.com\/es\/wp-json\/wp\/v2\/pages\/5346"}],"collection":[{"href":"https:\/\/www.hydroitalia.com\/es\/wp-json\/wp\/v2\/pages"}],"about":[{"href":"https:\/\/www.hydroitalia.com\/es\/wp-json\/wp\/v2\/types\/page"}],"author":[{"embeddable":true,"href":"https:\/\/www.hydroitalia.com\/es\/wp-json\/wp\/v2\/users\/2"}],"replies":[{"embeddable":true,"href":"https:\/\/www.hydroitalia.com\/es\/wp-json\/wp\/v2\/comments?post=5346"}],"version-history":[{"count":3,"href":"https:\/\/www.hydroitalia.com\/es\/wp-json\/wp\/v2\/pages\/5346\/revisions"}],"predecessor-version":[{"id":10215,"href":"https:\/\/www.hydroitalia.com\/es\/wp-json\/wp\/v2\/pages\/5346\/revisions\/10215"}],"up":[{"embeddable":true,"href":"https:\/\/www.hydroitalia.com\/es\/wp-json\/wp\/v2\/pages\/5050"}],"wp:attachment":[{"href":"https:\/\/www.hydroitalia.com\/es\/wp-json\/wp\/v2\/media?parent=5346"}],"curies":[{"name":"wp","href":"https:\/\/api.w.org\/{rel}","templated":true}]}}