{"id":5223,"date":"2020-12-09T14:00:12","date_gmt":"2020-12-09T14:00:12","guid":{"rendered":"http:\/\/hydroitalia.com\/empresa\/asociaciones\/"},"modified":"2024-03-26T22:29:22","modified_gmt":"2024-03-26T22:29:22","slug":"asociaciones","status":"publish","type":"page","link":"https:\/\/www.hydroitalia.com\/es\/empresa\/asociaciones\/","title":{"rendered":"Asociaciones"},"content":{"rendered":"\t\t<div data-elementor-type=\"wp-page\" data-elementor-id=\"5223\" class=\"elementor elementor-5223 elementor-67\">\n\t\t\t\t\t\t<div class=\"elementor-inner\">\n\t\t\t\t<div class=\"elementor-section-wrap\">\n\t\t\t\t\t\t\t\t\t<section class=\"elementor-section elementor-top-section elementor-element elementor-element-c6d74af elementor-section-height-min-height elementor-section-boxed elementor-section-height-default elementor-section-items-middle\" data-id=\"c6d74af\" data-element_type=\"section\" data-settings=\"{&quot;background_background&quot;:&quot;classic&quot;}\">\n\t\t\t\t\t\t\t<div class=\"elementor-background-overlay\"><\/div>\n\t\t\t\t\t\t\t<div class=\"elementor-container elementor-column-gap-default\">\n\t\t\t\t\t\t\t<div class=\"elementor-row\">\n\t\t\t\t\t<div class=\"elementor-column elementor-col-100 elementor-top-column elementor-element elementor-element-b18f5a5\" data-id=\"b18f5a5\" data-element_type=\"column\">\n\t\t\t<div class=\"elementor-column-wrap elementor-element-populated\">\n\t\t\t\t\t\t\t<div class=\"elementor-widget-wrap\">\n\t\t\t\t\t\t<div class=\"elementor-element elementor-element-7dc96a1 elementor-widget elementor-widget-heading\" data-id=\"7dc96a1\" data-element_type=\"widget\" data-widget_type=\"heading.default\">\n\t\t\t\t<div class=\"elementor-widget-container\">\n\t\t\t<h1 class=\"elementor-heading-title elementor-size-default\">Asociaciones<\/h1>\t\t<\/div>\n\t\t\t\t<\/div>\n\t\t\t\t\t\t<\/div>\n\t\t\t\t\t<\/div>\n\t\t<\/div>\n\t\t\t\t\t\t\t\t<\/div>\n\t\t\t\t\t<\/div>\n\t\t<\/section>\n\t\t\t\t<section class=\"elementor-section elementor-top-section elementor-element elementor-element-061f52f elementor-section-full_width elementor-reverse-mobile elementor-reverse-tablet elementor-section-height-default elementor-section-height-default\" data-id=\"061f52f\" data-element_type=\"section\">\n\t\t\t\t\t\t<div class=\"elementor-container elementor-column-gap-default\">\n\t\t\t\t\t\t\t<div class=\"elementor-row\">\n\t\t\t\t\t<div class=\"elementor-column elementor-col-50 elementor-top-column elementor-element elementor-element-d72b76e\" data-id=\"d72b76e\" data-element_type=\"column\" data-settings=\"{&quot;background_background&quot;:&quot;classic&quot;}\">\n\t\t\t<div class=\"elementor-column-wrap elementor-element-populated\">\n\t\t\t\t\t\t\t<div class=\"elementor-widget-wrap\">\n\t\t\t\t\t\t<div class=\"elementor-element elementor-element-69f0cb7 elementor-widget elementor-widget-text-editor\" data-id=\"69f0cb7\" data-element_type=\"widget\" data-widget_type=\"text-editor.default\">\n\t\t\t\t<div class=\"elementor-widget-container\">\n\t\t\t\t\t\t\t\t<div class=\"elementor-text-editor elementor-clearfix\">\n\t\t\t\t<p>Confindustria Emilia\u00a0es una asociaci\u00f3n de empresas que representa y protege a las peque\u00f1as, medianas y grandes empresas, para las que proporciona la excelencia y la calidad del servicio y de la cultura de negocios de las dos asociaciones de origen (Confindustria y API), dise\u00f1ando tambi\u00e9n productos innovadores para satisfacer las necesidades del mercado global desde una perspectiva que mira a los escenarios competitivos del futuro.<\/p>\n\t\t\t\t\t<\/div>\n\t\t\t\t\t\t<\/div>\n\t\t\t\t<\/div>\n\t\t\t\t<div class=\"elementor-element elementor-element-68913ea elementor-widget elementor-widget-image\" data-id=\"68913ea\" data-element_type=\"widget\" data-widget_type=\"image.default\">\n\t\t\t\t<div class=\"elementor-widget-container\">\n\t\t\t\t\t\t\t\t<div class=\"elementor-image\">\n\t\t\t\t\t\t\t\t\t\t\t\t<img width=\"346\" height=\"103\" src=\"https:\/\/www.hydroitalia.com\/wp-content\/uploads\/2020\/12\/T-34d3c3c3493972ffd7b6505e0c0c51d3-346x103-1.png\" class=\"attachment-large size-large wp-image-1460\" alt=\"Confindustria Emilia Area Centro\" loading=\"lazy\" srcset=\"https:\/\/www.hydroitalia.com\/wp-content\/uploads\/2020\/12\/T-34d3c3c3493972ffd7b6505e0c0c51d3-346x103-1.png 346w, https:\/\/www.hydroitalia.com\/wp-content\/uploads\/2020\/12\/T-34d3c3c3493972ffd7b6505e0c0c51d3-346x103-1-300x89.png 300w\" sizes=\"(max-width: 346px) 100vw, 346px\" \/>\t\t\t\t\t\t\t\t\t\t\t\t\t\t<\/div>\n\t\t\t\t\t\t<\/div>\n\t\t\t\t<\/div>\n\t\t\t\t\t\t<\/div>\n\t\t\t\t\t<\/div>\n\t\t<\/div>\n\t\t\t\t<div class=\"elementor-column elementor-col-50 elementor-top-column elementor-element elementor-element-0443b37 elementor-hidden-phone\" data-id=\"0443b37\" data-element_type=\"column\" data-settings=\"{&quot;background_background&quot;:&quot;classic&quot;}\">\n\t\t\t<div class=\"elementor-column-wrap elementor-element-populated\">\n\t\t\t\t\t\t\t<div class=\"elementor-widget-wrap\">\n\t\t\t\t\t\t<div class=\"elementor-element elementor-element-9d2159e elementor-widget elementor-widget-spacer\" data-id=\"9d2159e\" data-element_type=\"widget\" data-widget_type=\"spacer.default\">\n\t\t\t\t<div class=\"elementor-widget-container\">\n\t\t\t\t\t<div class=\"elementor-spacer\">\n\t\t\t<div class=\"elementor-spacer-inner\"><\/div>\n\t\t<\/div>\n\t\t\t\t<\/div>\n\t\t\t\t<\/div>\n\t\t\t\t\t\t<\/div>\n\t\t\t\t\t<\/div>\n\t\t<\/div>\n\t\t\t\t\t\t\t\t<\/div>\n\t\t\t\t\t<\/div>\n\t\t<\/section>\n\t\t\t\t<section class=\"elementor-section elementor-top-section elementor-element elementor-element-f5bc04f elementor-section-full_width elementor-section-height-default elementor-section-height-default\" data-id=\"f5bc04f\" data-element_type=\"section\">\n\t\t\t\t\t\t<div class=\"elementor-container elementor-column-gap-default\">\n\t\t\t\t\t\t\t<div class=\"elementor-row\">\n\t\t\t\t\t<div class=\"elementor-column elementor-col-50 elementor-top-column elementor-element elementor-element-f462a22\" data-id=\"f462a22\" data-element_type=\"column\" data-settings=\"{&quot;background_background&quot;:&quot;classic&quot;}\">\n\t\t\t<div class=\"elementor-column-wrap elementor-element-populated\">\n\t\t\t\t\t\t\t<div class=\"elementor-widget-wrap\">\n\t\t\t\t\t\t<div class=\"elementor-element elementor-element-e1b43dc elementor-widget elementor-widget-spacer\" data-id=\"e1b43dc\" data-element_type=\"widget\" data-widget_type=\"spacer.default\">\n\t\t\t\t<div class=\"elementor-widget-container\">\n\t\t\t\t\t<div class=\"elementor-spacer\">\n\t\t\t<div class=\"elementor-spacer-inner\"><\/div>\n\t\t<\/div>\n\t\t\t\t<\/div>\n\t\t\t\t<\/div>\n\t\t\t\t\t\t<\/div>\n\t\t\t\t\t<\/div>\n\t\t<\/div>\n\t\t\t\t<div class=\"elementor-column elementor-col-50 elementor-top-column elementor-element elementor-element-299a9a7\" data-id=\"299a9a7\" data-element_type=\"column\" data-settings=\"{&quot;background_background&quot;:&quot;classic&quot;}\">\n\t\t\t<div class=\"elementor-column-wrap elementor-element-populated\">\n\t\t\t\t\t\t\t<div class=\"elementor-widget-wrap\">\n\t\t\t\t\t\t<div class=\"elementor-element elementor-element-513e6d3 elementor-widget elementor-widget-text-editor\" data-id=\"513e6d3\" data-element_type=\"widget\" data-widget_type=\"text-editor.default\">\n\t\t\t\t<div class=\"elementor-widget-container\">\n\t\t\t\t\t\t\t\t<div class=\"elementor-text-editor elementor-clearfix\">\n\t\t\t\t<p><strong>Confapi Emilia <\/strong>es la asociaci\u00f3n comercial de peque\u00f1as y medianas empresas en el \u00e1rea de M\u00f3dena, Bolonia, Reggio Emilia y la provincia adherida a CONFAPI, la Confederaci\u00f3n Nacional de la Peque\u00f1a y Mediana Industria Privada, que hoy representa los intereses de las empresas manufactureras a nivel nacional.<\/p>\n\t\t\t\t\t<\/div>\n\t\t\t\t\t\t<\/div>\n\t\t\t\t<\/div>\n\t\t\t\t<div class=\"elementor-element elementor-element-7406c2d elementor-widget elementor-widget-image\" data-id=\"7406c2d\" data-element_type=\"widget\" data-widget_type=\"image.default\">\n\t\t\t\t<div class=\"elementor-widget-container\">\n\t\t\t\t\t\t\t\t<div class=\"elementor-image\">\n\t\t\t\t\t\t\t\t\t\t\t\t<img width=\"515\" height=\"115\" src=\"https:\/\/www.hydroitalia.com\/wp-content\/uploads\/2021\/02\/americana-logo_Bl.png\" class=\"attachment-large size-large wp-image-4855\" alt=\"Confapi Emilia\" loading=\"lazy\" srcset=\"https:\/\/www.hydroitalia.com\/wp-content\/uploads\/2021\/02\/americana-logo_Bl.png 515w, https:\/\/www.hydroitalia.com\/wp-content\/uploads\/2021\/02\/americana-logo_Bl-300x67.png 300w\" sizes=\"(max-width: 515px) 100vw, 515px\" \/>\t\t\t\t\t\t\t\t\t\t\t\t\t\t<\/div>\n\t\t\t\t\t\t<\/div>\n\t\t\t\t<\/div>\n\t\t\t\t\t\t<\/div>\n\t\t\t\t\t<\/div>\n\t\t<\/div>\n\t\t\t\t\t\t\t\t<\/div>\n\t\t\t\t\t<\/div>\n\t\t<\/section>\n\t\t\t\t\t\t\t\t\t<\/div>\n\t\t\t<\/div>\n\t\t\t\t\t<\/div>\n\t\t","protected":false},"excerpt":{"rendered":"<p>Asociaciones Confindustria Emilia&nbsp;es una asociaci\u00f3n de empresas que representa y protege a las peque\u00f1as, medianas y grandes empresas, para las que proporciona la excelencia y la calidad del servicio y de la cultura de negocios de las dos asociaciones de origen (Confindustria y API), dise\u00f1ando tambi\u00e9n productos innovadores para satisfacer las necesidades del mercado global [&hellip;]<\/p>\n","protected":false},"author":2,"featured_media":0,"parent":5050,"menu_order":28,"comment_status":"closed","ping_status":"closed","template":"elementor_header_footer","meta":[],"acf":[],"yoast_head":"<!-- This site is optimized with the Yoast SEO plugin v20.2.1 - https:\/\/yoast.com\/wordpress\/plugins\/seo\/ -->\n<title>Hydro Italia - asociado con Confidustria y Confapi Emilia<\/title>\n<meta name=\"description\" content=\"Hydro Italia satisface todas las necesidades del mercado y est\u00e1 asociada con Confindustria Emilia y Confapi Emilia. Saber m\u00e1s.\" \/>\n<meta name=\"robots\" content=\"index, follow, max-snippet:-1, max-image-preview:large, max-video-preview:-1\" \/>\n<link rel=\"canonical\" href=\"https:\/\/www.hydroitalia.com\/es\/empresa\/asociaciones\/\" \/>\n<meta property=\"og:locale\" content=\"es_ES\" \/>\n<meta property=\"og:type\" content=\"article\" \/>\n<meta property=\"og:title\" content=\"Hydro Italia - asociado con Confidustria y Confapi Emilia\" \/>\n<meta property=\"og:description\" content=\"Hydro Italia satisface todas las necesidades del mercado y est\u00e1 asociada con Confindustria Emilia y Confapi Emilia. Saber m\u00e1s.\" \/>\n<meta property=\"og:url\" content=\"https:\/\/www.hydroitalia.com\/es\/empresa\/asociaciones\/\" \/>\n<meta property=\"og:site_name\" content=\"Hydroitalia\" \/>\n<meta property=\"article:modified_time\" content=\"2024-03-26T22:29:22+00:00\" \/>\n<meta property=\"og:image\" content=\"http:\/\/hydroitalia.com\/wp-content\/uploads\/2020\/12\/T-34d3c3c3493972ffd7b6505e0c0c51d3-346x103-1.png\" \/>\n<meta name=\"twitter:card\" content=\"summary_large_image\" \/>\n<meta name=\"twitter:label1\" content=\"Tiempo de lectura\" \/>\n\t<meta name=\"twitter:data1\" content=\"1 minuto\" \/>\n<script type=\"application\/ld+json\" class=\"yoast-schema-graph\">{\"@context\":\"https:\/\/schema.org\",\"@graph\":[{\"@type\":\"WebPage\",\"@id\":\"https:\/\/www.hydroitalia.com\/es\/empresa\/asociaciones\/\",\"url\":\"https:\/\/www.hydroitalia.com\/es\/empresa\/asociaciones\/\",\"name\":\"Hydro Italia - asociado con Confidustria y Confapi Emilia\",\"isPartOf\":{\"@id\":\"https:\/\/www.hydroitalia.com\/#website\"},\"datePublished\":\"2020-12-09T14:00:12+00:00\",\"dateModified\":\"2024-03-26T22:29:22+00:00\",\"description\":\"Hydro Italia satisface todas las necesidades del mercado y est\u00e1 asociada con Confindustria Emilia y Confapi Emilia. Saber m\u00e1s.\",\"breadcrumb\":{\"@id\":\"https:\/\/www.hydroitalia.com\/es\/empresa\/asociaciones\/#breadcrumb\"},\"inLanguage\":\"es\",\"potentialAction\":[{\"@type\":\"ReadAction\",\"target\":[\"https:\/\/www.hydroitalia.com\/es\/empresa\/asociaciones\/\"]}]},{\"@type\":\"BreadcrumbList\",\"@id\":\"https:\/\/www.hydroitalia.com\/es\/empresa\/asociaciones\/#breadcrumb\",\"itemListElement\":[{\"@type\":\"ListItem\",\"position\":1,\"name\":\"Home\",\"item\":\"https:\/\/www.hydroitalia.com\/es\/home\/\"},{\"@type\":\"ListItem\",\"position\":2,\"name\":\"EMPRESA\",\"item\":\"https:\/\/www.hydroitalia.com\/es\/empresa\/\"},{\"@type\":\"ListItem\",\"position\":3,\"name\":\"Asociaciones\"}]},{\"@type\":\"WebSite\",\"@id\":\"https:\/\/www.hydroitalia.com\/#website\",\"url\":\"https:\/\/www.hydroitalia.com\/\",\"name\":\"Hydro Italia\",\"description\":\"Tecnologie acque e fanghi\",\"publisher\":{\"@id\":\"https:\/\/www.hydroitalia.com\/#organization\"},\"potentialAction\":[{\"@type\":\"SearchAction\",\"target\":{\"@type\":\"EntryPoint\",\"urlTemplate\":\"https:\/\/www.hydroitalia.com\/?s={search_term_string}\"},\"query-input\":\"required name=search_term_string\"}],\"inLanguage\":\"es\"},{\"@type\":\"Organization\",\"@id\":\"https:\/\/www.hydroitalia.com\/#organization\",\"name\":\"Hydro Italia Srl\",\"url\":\"https:\/\/www.hydroitalia.com\/\",\"logo\":{\"@type\":\"ImageObject\",\"inLanguage\":\"es\",\"@id\":\"https:\/\/www.hydroitalia.com\/#\/schema\/logo\/image\/\",\"url\":\"https:\/\/www.hydroitalia.com\/wp-content\/uploads\/2020\/12\/Asset-1@4x.png\",\"contentUrl\":\"https:\/\/www.hydroitalia.com\/wp-content\/uploads\/2020\/12\/Asset-1@4x.png\",\"width\":1914,\"height\":442,\"caption\":\"Hydro Italia Srl\"},\"image\":{\"@id\":\"https:\/\/www.hydroitalia.com\/#\/schema\/logo\/image\/\"}}]}<\/script>\n<!-- \/ Yoast SEO plugin. -->","yoast_head_json":{"title":"Hydro Italia - asociado con Confidustria y Confapi Emilia","description":"Hydro Italia satisface todas las necesidades del mercado y est\u00e1 asociada con Confindustria Emilia y Confapi Emilia. Saber m\u00e1s.","robots":{"index":"index","follow":"follow","max-snippet":"max-snippet:-1","max-image-preview":"max-image-preview:large","max-video-preview":"max-video-preview:-1"},"canonical":"https:\/\/www.hydroitalia.com\/es\/empresa\/asociaciones\/","og_locale":"es_ES","og_type":"article","og_title":"Hydro Italia - asociado con Confidustria y Confapi Emilia","og_description":"Hydro Italia satisface todas las necesidades del mercado y est\u00e1 asociada con Confindustria Emilia y Confapi Emilia. Saber m\u00e1s.","og_url":"https:\/\/www.hydroitalia.com\/es\/empresa\/asociaciones\/","og_site_name":"Hydroitalia","article_modified_time":"2024-03-26T22:29:22+00:00","og_image":[{"url":"http:\/\/hydroitalia.com\/wp-content\/uploads\/2020\/12\/T-34d3c3c3493972ffd7b6505e0c0c51d3-346x103-1.png"}],"twitter_card":"summary_large_image","twitter_misc":{"Tiempo de lectura":"1 minuto"},"schema":{"@context":"https:\/\/schema.org","@graph":[{"@type":"WebPage","@id":"https:\/\/www.hydroitalia.com\/es\/empresa\/asociaciones\/","url":"https:\/\/www.hydroitalia.com\/es\/empresa\/asociaciones\/","name":"Hydro Italia - asociado con Confidustria y Confapi Emilia","isPartOf":{"@id":"https:\/\/www.hydroitalia.com\/#website"},"datePublished":"2020-12-09T14:00:12+00:00","dateModified":"2024-03-26T22:29:22+00:00","description":"Hydro Italia satisface todas las necesidades del mercado y est\u00e1 asociada con Confindustria Emilia y Confapi Emilia. Saber m\u00e1s.","breadcrumb":{"@id":"https:\/\/www.hydroitalia.com\/es\/empresa\/asociaciones\/#breadcrumb"},"inLanguage":"es","potentialAction":[{"@type":"ReadAction","target":["https:\/\/www.hydroitalia.com\/es\/empresa\/asociaciones\/"]}]},{"@type":"BreadcrumbList","@id":"https:\/\/www.hydroitalia.com\/es\/empresa\/asociaciones\/#breadcrumb","itemListElement":[{"@type":"ListItem","position":1,"name":"Home","item":"https:\/\/www.hydroitalia.com\/es\/home\/"},{"@type":"ListItem","position":2,"name":"EMPRESA","item":"https:\/\/www.hydroitalia.com\/es\/empresa\/"},{"@type":"ListItem","position":3,"name":"Asociaciones"}]},{"@type":"WebSite","@id":"https:\/\/www.hydroitalia.com\/#website","url":"https:\/\/www.hydroitalia.com\/","name":"Hydro Italia","description":"Tecnologie acque e fanghi","publisher":{"@id":"https:\/\/www.hydroitalia.com\/#organization"},"potentialAction":[{"@type":"SearchAction","target":{"@type":"EntryPoint","urlTemplate":"https:\/\/www.hydroitalia.com\/?s={search_term_string}"},"query-input":"required name=search_term_string"}],"inLanguage":"es"},{"@type":"Organization","@id":"https:\/\/www.hydroitalia.com\/#organization","name":"Hydro Italia Srl","url":"https:\/\/www.hydroitalia.com\/","logo":{"@type":"ImageObject","inLanguage":"es","@id":"https:\/\/www.hydroitalia.com\/#\/schema\/logo\/image\/","url":"https:\/\/www.hydroitalia.com\/wp-content\/uploads\/2020\/12\/Asset-1@4x.png","contentUrl":"https:\/\/www.hydroitalia.com\/wp-content\/uploads\/2020\/12\/Asset-1@4x.png","width":1914,"height":442,"caption":"Hydro Italia Srl"},"image":{"@id":"https:\/\/www.hydroitalia.com\/#\/schema\/logo\/image\/"}}]}},"_links":{"self":[{"href":"https:\/\/www.hydroitalia.com\/es\/wp-json\/wp\/v2\/pages\/5223"}],"collection":[{"href":"https:\/\/www.hydroitalia.com\/es\/wp-json\/wp\/v2\/pages"}],"about":[{"href":"https:\/\/www.hydroitalia.com\/es\/wp-json\/wp\/v2\/types\/page"}],"author":[{"embeddable":true,"href":"https:\/\/www.hydroitalia.com\/es\/wp-json\/wp\/v2\/users\/2"}],"replies":[{"embeddable":true,"href":"https:\/\/www.hydroitalia.com\/es\/wp-json\/wp\/v2\/comments?post=5223"}],"version-history":[{"count":4,"href":"https:\/\/www.hydroitalia.com\/es\/wp-json\/wp\/v2\/pages\/5223\/revisions"}],"predecessor-version":[{"id":7955,"href":"https:\/\/www.hydroitalia.com\/es\/wp-json\/wp\/v2\/pages\/5223\/revisions\/7955"}],"up":[{"embeddable":true,"href":"https:\/\/www.hydroitalia.com\/es\/wp-json\/wp\/v2\/pages\/5050"}],"wp:attachment":[{"href":"https:\/\/www.hydroitalia.com\/es\/wp-json\/wp\/v2\/media?parent=5223"}],"curies":[{"name":"wp","href":"https:\/\/api.w.org\/{rel}","templated":true}]}}